{"id":30,"date":"2015-01-20T23:22:50","date_gmt":"2015-01-20T23:22:50","guid":{"rendered":"http:\/\/brainproducts.org\/?page_id=30"},"modified":"2024-06-12T04:32:46","modified_gmt":"2024-06-12T04:32:46","slug":"schulung","status":"publish","type":"page","link":"https:\/\/brainproducts.org\/?page_id=30","title":{"rendered":"Schulung \/ Support"},"content":{"rendered":"\n<h2 class=\"wp-block-heading\">Gerne schulen, unterst\u00fctzen und helfen Ihnen und Ihrem Personal<\/h2>\n\n\n\n<p>&nbsp;<\/p>\n\n\n<div class=\"wp-block-image\">\n<figure class=\"alignleft size-full is-resized\"><img decoding=\"async\" loading=\"lazy\" width=\"800\" height=\"517\" src=\"http:\/\/brainproducts.org\/wp-content\/uploads\/Startbild_5.jpg\" alt=\"\" class=\"wp-image-241\" style=\"aspect-ratio:1.5473887814313345;width:282px;height:auto\" srcset=\"https:\/\/brainproducts.org\/wp-content\/uploads\/Startbild_5.jpg 800w, https:\/\/brainproducts.org\/wp-content\/uploads\/Startbild_5-768x496.jpg 768w\" sizes=\"(max-width: 800px) 100vw, 800px\" \/><\/figure><\/div>\n\n\n<p><strong>Allgemeine Schulungen<\/strong> zum B\u00fcromat <\/p>\n\n\n\n<p><strong style=\"color: revert; font-size: revert;\">Individual Coachings<\/strong><span style=\"color: revert; font-size: revert; font-weight: revert;\"> f\u00fcr <\/span><strong style=\"color: revert; font-size: revert;\">VBA Entwickler<\/strong><span style=\"color: revert; font-size: revert; font-weight: revert;\"> in Ihrem Unternehmen<\/span> <\/p>\n\n\n\n<p>Workshops zur <span style=\"color: revert; font-size: revert; font-weight: revert;\">Planung und <\/span><strong style=\"color: revert; font-size: revert;\">Optimierung<\/strong><span style=\"color: revert; font-size: revert; font-weight: revert;\"> von Datenfluss in Ihrem Unternehmen<\/span> <\/p>\n\n\n\n<p>Workshops zur Entwicklung Ihres <strong>individuellen B\u00fcromat Projektes<\/strong><\/p>\n\n\n\n<p>Workshops zur <span style=\"color: revert; font-size: revert; font-weight: revert;\">Entwicklung neuer <\/span><strong style=\"color: revert; font-size: revert;\">Module<\/strong><span style=\"color: revert; font-size: revert; font-weight: revert;\"> innerhalb des B\u00fcromat<\/span>s<\/p>\n\n\n\n<p>&nbsp;<\/p>\n\n\n\n<p><span style=\"color: revert; font-size: revert; font-weight: revert;\">Unterst\u00fctzung bei Planung von <\/span><strong style=\"color: revert; font-size: revert;\">Installationsszenarien<\/strong><span style=\"color: revert; font-size: revert; font-weight: revert;\"> mit dem B\u00fcromat<\/span> <br>  * in Ihrem lokalen Netzwerk <br><span style=\"color: revert; font-size: revert; font-weight: revert;\">  * \u00fcber mehrere Standorte hinweg&nbsp;<\/span> <\/p>\n\n\n\n<p><span style=\"color: revert; font-size: revert; font-weight: revert;\">Unterst\u00fctzung im <\/span><strong style=\"color: revert; font-size: revert;\">Rollout<\/strong><span style=\"color: revert; font-size: revert; font-weight: revert;\"> mit <\/span><strong style=\"color: revert; font-size: revert;\">automatischen Installationspakten<\/strong> <\/p>\n\n\n\n<p><strong>Remote <span style=\"color: revert; font-size: revert; font-weight: revert;\">Sessions<\/span><\/strong><span style=\"color: revert; font-size: revert; font-weight: revert;\"> f\u00fcr Probleme und kurzfristige <strong>Hilfe am Telefon<\/strong><\/span> <\/p>\n\n\n\n<h4 class=\"wp-block-heading\">&nbsp;<\/h4>\n\n\n\n<p><strong>Alle Schulungen, Workshops und Coachings k\u00f6nnen am Telefon &amp; Remote Session \/ Video Konferenz oder&nbsp;bei Ihnen vor Ort in Ihrem Unternehmen stattfinden.&nbsp;<\/strong><\/p>\n\n\n\n<p><\/p>\n\n\n\n<p><\/p>\n\n\n\n<p>   &nbsp;&nbsp;&nbsp;&nbsp;&nbsp;&nbsp;<\/p>\n\n\n\n<p>&nbsp;&nbsp;&nbsp;&nbsp;&nbsp;&nbsp;&nbsp;<\/p>\n\n\n\n<div class=\"wp-block-columns is-layout-flex wp-container-2 wp-block-columns-is-layout-flex\">\n<div class=\"wp-block-column is-layout-flow wp-block-column-is-layout-flow\" style=\"flex-basis:100%\">\n<p>  &nbsp;&nbsp;&nbsp;&nbsp;<\/p>\n<\/div>\n<\/div>\n\n\n\n<div class=\"wp-block-columns is-layout-flex wp-container-5 wp-block-columns-is-layout-flex\">\n<div class=\"wp-block-column is-layout-flow wp-block-column-is-layout-flow\"><\/div>\n\n\n\n<div class=\"wp-block-column is-layout-flow wp-block-column-is-layout-flow\"><\/div>\n<\/div>\n\n\n\n<p><strong>Es ist uns wichtig Dienstleistungen abzugeben, mit denen Sie zufrieden sind. <\/strong><br><strong>Auf Wunsch gebe wir Ihnen gerne n\u00e4here Informationen \u00fcber <a href=\"https:\/\/brainproducts.org\/?page_id=69\">bereits realisierte Projekte<\/a>.<\/strong><\/p>\n\n\n\n<hr class=\"wp-block-separator has-alpha-channel-opacity\"\/>\n\n\n\n<p><strong><a href=\"https:\/\/brainproducts.org\/?page_id=60\">Kontaktieren<\/a> <\/strong>Sie uns via E-Mail, wir beraten Sie gerne welche Schulung f\u00fcr Sie passend ist. ( <a title=\"Kontakt zu Brain Products \u00fcber die Webseite\" href=\"mailto:ORadel@BrainProducts.org\">ORadel@BrainProducts.org<\/a> )<\/p>\n\n\n<div class=\"wp-block-image\">\n<figure class=\"alignright size-full is-resized\"><img decoding=\"async\" loading=\"lazy\" width=\"196\" height=\"219\" src=\"http:\/\/brainproducts.org\/wp-content\/uploads\/Uschu.jpg\" alt=\"\" class=\"wp-image-236\" style=\"aspect-ratio:0.8949771689497716;width:201px;height:auto\"\/><\/figure><\/div>\n\n\n<figure class=\"wp-block-image size-full is-resized\"><img decoding=\"async\" loading=\"lazy\" width=\"512\" height=\"512\" src=\"http:\/\/brainproducts.org\/wp-content\/uploads\/cropped-Bueromat-Deluxe-Logo-Entwicklung.png\" alt=\"\" class=\"wp-image-218\" style=\"aspect-ratio:1;width:80px;height:auto\" srcset=\"https:\/\/brainproducts.org\/wp-content\/uploads\/cropped-Bueromat-Deluxe-Logo-Entwicklung.png 512w, https:\/\/brainproducts.org\/wp-content\/uploads\/cropped-Bueromat-Deluxe-Logo-Entwicklung-120x120.png 120w, https:\/\/brainproducts.org\/wp-content\/uploads\/cropped-Bueromat-Deluxe-Logo-Entwicklung-270x270.png 270w, https:\/\/brainproducts.org\/wp-content\/uploads\/cropped-Bueromat-Deluxe-Logo-Entwicklung-192x192.png 192w, https:\/\/brainproducts.org\/wp-content\/uploads\/cropped-Bueromat-Deluxe-Logo-Entwicklung-180x180.png 180w, https:\/\/brainproducts.org\/wp-content\/uploads\/cropped-Bueromat-Deluxe-Logo-Entwicklung-32x32.png 32w\" sizes=\"(max-width: 512px) 100vw, 512px\" \/><\/figure>\n","protected":false},"excerpt":{"rendered":"<p>Gerne schulen, unterst\u00fctzen und helfen Ihnen und Ihrem Personal &nbsp; Allgemeine Schulungen zum B\u00fcromat Individual Coachings f\u00fcr VBA Entwickler in Ihrem Unternehmen Workshops zur Planung und Optimierung von Datenfluss in Ihrem Unternehmen Workshops zur Entwicklung Ihres individuellen B\u00fcromat Projektes Workshops zur Entwicklung neuer Module innerhalb des B\u00fcromats &nbsp; Unterst\u00fctzung bei Planung von Installationsszenarien mit dem B\u00fcromat * in Ihrem lokalen&#8230;<br \/><a class=\"read-more-button\" href=\"https:\/\/brainproducts.org\/?page_id=30\">Mehr Lesen<\/a><\/p>\n","protected":false},"author":1,"featured_media":0,"parent":0,"menu_order":3,"comment_status":"closed","ping_status":"closed","template":"template-full-width.php","meta":{"footnotes":""},"_links":{"self":[{"href":"https:\/\/brainproducts.org\/index.php?rest_route=\/wp\/v2\/pages\/30"}],"collection":[{"href":"https:\/\/brainproducts.org\/index.php?rest_route=\/wp\/v2\/pages"}],"about":[{"href":"https:\/\/brainproducts.org\/index.php?rest_route=\/wp\/v2\/types\/page"}],"author":[{"embeddable":true,"href":"https:\/\/brainproducts.org\/index.php?rest_route=\/wp\/v2\/users\/1"}],"replies":[{"embeddable":true,"href":"https:\/\/brainproducts.org\/index.php?rest_route=%2Fwp%2Fv2%2Fcomments&post=30"}],"version-history":[{"count":36,"href":"https:\/\/brainproducts.org\/index.php?rest_route=\/wp\/v2\/pages\/30\/revisions"}],"predecessor-version":[{"id":823,"href":"https:\/\/brainproducts.org\/index.php?rest_route=\/wp\/v2\/pages\/30\/revisions\/823"}],"wp:attachment":[{"href":"https:\/\/brainproducts.org\/index.php?rest_route=%2Fwp%2Fv2%2Fmedia&parent=30"}],"curies":[{"name":"wp","href":"https:\/\/api.w.org\/{rel}","templated":true}]}}