{"id":376,"date":"2023-11-09T22:48:55","date_gmt":"2023-11-09T22:48:55","guid":{"rendered":"https:\/\/brainproducts.org\/?page_id=376"},"modified":"2024-06-23T11:22:42","modified_gmt":"2024-06-23T11:22:42","slug":"vorteile-vom-bueromat","status":"publish","type":"page","link":"https:\/\/brainproducts.org\/?page_id=376","title":{"rendered":"Welche Vorteile hat der B\u00fcromat Deluxe?"},"content":{"rendered":"\n<p><\/p>\n\n\n\n<h2 class=\"wp-block-heading\">Oder wie vereinfacht man wiederkehrenden T\u00e4tigkeiten?<\/h2>\n\n\n<div class=\"wp-block-image\">\n<figure class=\"alignleft size-full is-resized\"><img decoding=\"async\" loading=\"lazy\" width=\"800\" height=\"517\" src=\"http:\/\/brainproducts.org\/wp-content\/uploads\/Startbild_5.jpg\" alt=\"\" class=\"wp-image-241\" style=\"aspect-ratio:1.5473887814313345;width:262px;height:auto\" srcset=\"https:\/\/brainproducts.org\/wp-content\/uploads\/Startbild_5.jpg 800w, https:\/\/brainproducts.org\/wp-content\/uploads\/Startbild_5-768x496.jpg 768w\" sizes=\"(max-width: 800px) 100vw, 800px\" \/><\/figure><\/div>\n\n\n<p>Der B\u00fcromat kann als <strong>Open Source Software<\/strong> erworben werden. <br>So k\u00f6nnen s\u00e4mtliche Funktionen, Prozeduren in erprobten objektorientierten <strong>Klassenbibliotheken <\/strong>in eigenen Programmierungen verwendet werden.<\/p>\n\n\n\n<p>Der B\u00fcromat ist durch Access als Basis ein Bestandteil der MS Office Familie. Durch dieselbe hinterlegte Programmiersprache (Visual Basic for Applications &#8211; kurz <strong>VBA<\/strong>) und die damit m\u00f6gliche <strong>OLE Automation<\/strong> k\u00f6nnen alle Funktionen des ganzen Office Paketes angesteuert werden. Hierf\u00fcr sind diverse fertige Routinen enthalten. &nbsp;<\/p>\n\n\n\n<p><strong>Hier nur eine kleine \u00dcbersicht \u00fcber die Vorteile durch den Einsatz unserer Software:<\/strong><\/p>\n\n\n\n<ul>\n<li><strong>Kosteng\u00fcnstige Erweiterung<\/strong> Ihres bisherigen ERP Systems (z.B. Microsoft Dynamics\u00a0<strong>NAV<\/strong>) um neue Funktionen (Bedienfertige Module und Open Source objektorientierte Programmierklassen)<br>  * Besondere <strong>Report und Kontrollfunktionen<\/strong> aller Art<br>  * Automatischer <strong>Export <\/strong>von EDI, 5-stufiges-XML, Excel, CSV oder DFQ Dateien aus Ihrem ERP<br>    System zu gew\u00fcnschten Zeiten<br>  * Automatischer <strong>Import <\/strong>von Excel, EDI oder CSV Dateien in Ihr ERP System nach Polling Intervall<br>  * <strong>Automatische Email <\/strong>Info oder Warnungen, wenn bestimmte aussagekr\u00e4ftige <br>    Daten Ereignisse erf\u00fcllt sind<\/li>\n\n\n\n<li>Breite Kompatibilit\u00e4t zu beliebigen <strong>SQL Servern<\/strong> f\u00fcr Datenaustausch (Offen durch ODBC und OLEDB Schnittstellen, verwaltbar im B\u00fcromat selber)<\/li>\n\n\n\n<li><strong>Automatische Dateibewegungen<\/strong> zu oder von (S)FTP Servern oder im lokalen Netzwerk zu gew\u00fcnschten Zeiten<\/li>\n\n\n\n<li><strong>Automatisierung des ganzen Microsoft Office Pakets durch OLE Automation<\/strong>, dies meint die Bedienung per Geisterhand:<br>  * Automatisches Erstellen von Exceltabellen<br>  * Importieren von Daten aus Excel Sheets (Daten Schnittstellen) nach bestimmten Zeitinterwallen<br>  * Exportieren von automatischen Word Serienbriefen (siehe Rechnungs- und Mahnsystem)<br>  * Automatisches Erstellen von monatlichen Powerpoint Pr\u00e4sentationen<br>  * Automatische Emails, Aufgaben, Termine oder Kontakte Outlook<\/li>\n\n\n\n<li><strong>Professionelle Verpackung<\/strong> des B\u00fcromats und <br>f\u00fcr eigene bestehende <strong>MS Access <\/strong>Datenbanken im Kleid des B\u00fcromats (f\u00fcr Access Entwickler) <br>Mit folgenden erweiterten Funktionalit\u00e4ten:<br>  * Individuelles Ribbon Hauptmen\u00fc pro Projekt<br>  * Multiuser Management<br>  * Einfach managebare Security f\u00fcr die Benutzer des B\u00fcromats<br>  * Vordefinierte User Vorlagen mit entsprechenden Rechten<br>  * Unterst\u00fctzung von unterschiedlichen Bildschirmaufl\u00f6sungen<br>  * Zentrale Update Funktionalit\u00e4ten von Brain Products<br>  * Update Funktionalit\u00e4ten f\u00fcr die internen Weiterentwicklungen der Software<br>  * Sp\u00e4ter zuschaltbare Module zur Erweiterung der Funktionalit\u00e4ten (Siehe Export\/Import Module)<br>  * Umzugsassistent f\u00fcr angeschlossene Datenbanken<br>  * Unterst\u00fctzung von userabh\u00e4ngigen Farben und Skins <br>  * Rechnerabh\u00e4ngige Konfiguration <br>  * Autostart Option f\u00fcr bestimmte Serverfunktionalit\u00e4ten<br>  * Konfigurierbare Packer beim Datenaustausch<br>  * Lanf\u00e4hig und Multi-Arbeitsplatz f\u00e4hig<br>  * Automatisches und konfigurierbares Logging aller Funktionen<br>  <\/li>\n\n\n\n<li>In Arbeit: Modul f\u00fcr <strong>Rechnungs- und Mahn System<\/strong> mit Listenfunktion f\u00fcr Finanzamt (f\u00fcr Kleinunternehmer)<\/li>\n\n\n\n<li>In Arbeit: Modul f\u00fcr <strong>Case System<\/strong> f\u00fcr die Organisation von Support Calls (f\u00fcr Unternehmen mit Support Abteilung)<\/li>\n\n\n\n<li>In Arbeit: Modul f\u00fcr<strong> Marketing <\/strong>Aktivit\u00e4ten wie Serien Emails und Steuerung solcher Prozesse<\/li>\n\n\n\n<li>In Arbeit: Auf Basis von intelligenten Vorlagen neue passende Formulare entwickeln (f\u00fcr Access Entwickler)<\/li>\n<\/ul>\n\n\n\n<p><\/p>\n\n\n<div class=\"wp-block-image\">\n<figure class=\"alignleft size-full is-resized\"><img decoding=\"async\" loading=\"lazy\" width=\"800\" height=\"517\" src=\"http:\/\/brainproducts.org\/wp-content\/uploads\/Startbild_1.jpg\" alt=\"\" class=\"wp-image-237\" style=\"aspect-ratio:1.5473887814313345;width:271px;height:auto\" srcset=\"https:\/\/brainproducts.org\/wp-content\/uploads\/Startbild_1.jpg 800w, https:\/\/brainproducts.org\/wp-content\/uploads\/Startbild_1-768x496.jpg 768w\" sizes=\"(max-width: 800px) 100vw, 800px\" \/><\/figure><\/div>\n\n\n<p><strong>Alle Sonder-W\u00fcnsche k\u00f6nnen nahezu erf\u00fcllt werden.<\/strong> <\/p>\n\n\n\n<p><strong>Diese Software ist Open Source.<\/strong><\/p>\n\n\n\n<p><strong>Wir helfen bei der Umsetzung Ihrer W\u00fcnsche.<\/strong><\/p>\n\n\n\n<p>&nbsp;&nbsp;&nbsp;&nbsp;&nbsp;&nbsp;&nbsp;<\/p>\n\n\n\n<div class=\"wp-block-columns is-layout-flex wp-container-2 wp-block-columns-is-layout-flex\">\n<div class=\"wp-block-column is-layout-flow wp-block-column-is-layout-flow\" style=\"flex-basis:100%\">\n<p>  &nbsp;&nbsp;&nbsp;&nbsp;<\/p>\n\n\n\n<p>&nbsp;<\/p>\n\n\n\n<p>&nbsp;<\/p>\n<\/div>\n<\/div>\n\n\n\n<p><strong>Es ist uns wichtig Dienstleistungen abzugeben, mit denen Sie zufrieden sind. <br>Auf Wunsch gebe wir Ihnen gerne n\u00e4here Informationen \u00fcber <a href=\"https:\/\/brainproducts.org\/?page_id=69\">bereits realisierte Projekte<\/a>.<\/strong><\/p>\n\n\n\n<hr class=\"wp-block-separator has-alpha-channel-opacity\"\/>\n\n\n\n<p><a href=\"https:\/\/brainproducts.org\/?page_id=60\">Kontaktieren<\/a> Sie uns via E-Mail, wir beraten Sie gerne. ( <a title=\"Kontakt zu Brain Products \u00fcber die Webseite\" href=\"mailto:ORadel@BrainProducts.org\">ORadel@BrainProducts.org<\/a> )<\/p>\n\n\n<div class=\"wp-block-image\">\n<figure class=\"alignright size-full\"><img decoding=\"async\" loading=\"lazy\" width=\"218\" height=\"292\" src=\"http:\/\/brainproducts.org\/wp-content\/uploads\/Corp.jpg\" alt=\"\" class=\"wp-image-233\"\/><\/figure><\/div>\n\n\n<figure class=\"wp-block-image size-full is-resized\"><img decoding=\"async\" loading=\"lazy\" width=\"512\" height=\"512\" src=\"http:\/\/brainproducts.org\/wp-content\/uploads\/cropped-Bueromat-Deluxe-Logo-Entwicklung.png\" alt=\"\" class=\"wp-image-218\" style=\"aspect-ratio:1;width:80px;height:auto\" srcset=\"https:\/\/brainproducts.org\/wp-content\/uploads\/cropped-Bueromat-Deluxe-Logo-Entwicklung.png 512w, https:\/\/brainproducts.org\/wp-content\/uploads\/cropped-Bueromat-Deluxe-Logo-Entwicklung-120x120.png 120w, https:\/\/brainproducts.org\/wp-content\/uploads\/cropped-Bueromat-Deluxe-Logo-Entwicklung-270x270.png 270w, https:\/\/brainproducts.org\/wp-content\/uploads\/cropped-Bueromat-Deluxe-Logo-Entwicklung-192x192.png 192w, https:\/\/brainproducts.org\/wp-content\/uploads\/cropped-Bueromat-Deluxe-Logo-Entwicklung-180x180.png 180w, https:\/\/brainproducts.org\/wp-content\/uploads\/cropped-Bueromat-Deluxe-Logo-Entwicklung-32x32.png 32w\" sizes=\"(max-width: 512px) 100vw, 512px\" \/><\/figure>\n","protected":false},"excerpt":{"rendered":"<p>Oder wie vereinfacht man wiederkehrenden T\u00e4tigkeiten? Der B\u00fcromat kann als Open Source Software erworben werden. So k\u00f6nnen s\u00e4mtliche Funktionen, Prozeduren in erprobten objektorientierten Klassenbibliotheken in eigenen Programmierungen verwendet werden. Der B\u00fcromat ist durch Access als Basis ein Bestandteil der MS Office Familie. Durch dieselbe hinterlegte Programmiersprache (Visual Basic for Applications &#8211; kurz VBA) und die damit m\u00f6gliche OLE Automation k\u00f6nnen&#8230;<br \/><a class=\"read-more-button\" href=\"https:\/\/brainproducts.org\/?page_id=376\">Mehr Lesen<\/a><\/p>\n","protected":false},"author":1,"featured_media":0,"parent":0,"menu_order":0,"comment_status":"closed","ping_status":"closed","template":"template-full-width.php","meta":{"footnotes":""},"_links":{"self":[{"href":"https:\/\/brainproducts.org\/index.php?rest_route=\/wp\/v2\/pages\/376"}],"collection":[{"href":"https:\/\/brainproducts.org\/index.php?rest_route=\/wp\/v2\/pages"}],"about":[{"href":"https:\/\/brainproducts.org\/index.php?rest_route=\/wp\/v2\/types\/page"}],"author":[{"embeddable":true,"href":"https:\/\/brainproducts.org\/index.php?rest_route=\/wp\/v2\/users\/1"}],"replies":[{"embeddable":true,"href":"https:\/\/brainproducts.org\/index.php?rest_route=%2Fwp%2Fv2%2Fcomments&post=376"}],"version-history":[{"count":17,"href":"https:\/\/brainproducts.org\/index.php?rest_route=\/wp\/v2\/pages\/376\/revisions"}],"predecessor-version":[{"id":946,"href":"https:\/\/brainproducts.org\/index.php?rest_route=\/wp\/v2\/pages\/376\/revisions\/946"}],"wp:attachment":[{"href":"https:\/\/brainproducts.org\/index.php?rest_route=%2Fwp%2Fv2%2Fmedia&parent=376"}],"curies":[{"name":"wp","href":"https:\/\/api.w.org\/{rel}","templated":true}]}}