{"id":40,"date":"2015-01-21T14:18:08","date_gmt":"2015-01-21T14:18:08","guid":{"rendered":"http:\/\/brainproducts.org\/?page_id=40"},"modified":"2024-06-12T04:32:05","modified_gmt":"2024-06-12T04:32:05","slug":"consulting","status":"publish","type":"page","link":"https:\/\/brainproducts.org\/?page_id=40","title":{"rendered":"Consulting"},"content":{"rendered":"\n<p><\/p>\n\n\n\n<h3 class=\"wp-block-heading\">Wir beraten Unternehmen in unterschiedlichen Bereichen<\/h3>\n\n\n<div class=\"wp-block-image\">\n<figure class=\"alignleft size-full is-resized\"><img decoding=\"async\" loading=\"lazy\" width=\"800\" height=\"517\" src=\"http:\/\/brainproducts.org\/wp-content\/uploads\/Startbild_1.jpg\" alt=\"\" class=\"wp-image-237\" style=\"aspect-ratio:1.5473887814313345;width:410px;height:auto\" srcset=\"https:\/\/brainproducts.org\/wp-content\/uploads\/Startbild_1.jpg 800w, https:\/\/brainproducts.org\/wp-content\/uploads\/Startbild_1-768x496.jpg 768w\" sizes=\"(max-width: 800px) 100vw, 800px\" \/><\/figure><\/div>\n\n\n<div class=\"wp-block-columns is-layout-flex wp-container-2 wp-block-columns-is-layout-flex\">\n<div class=\"wp-block-column is-layout-flow wp-block-column-is-layout-flow\" style=\"flex-basis:100%\">\n<p>&nbsp;<\/p>\n\n\n\n<ul>\n<li><strong>Planung <\/strong>und <strong>Management <\/strong>f\u00fcr die Einf\u00fchrung des B\u00fcromat Deluxe<\/li>\n\n\n\n<li><strong>Installationsszenarien <\/strong>vom B\u00fcromat Deluxe<\/li>\n\n\n\n<li>Individuelle <strong>Weiterentwicklungen <\/strong>und <strong>Programmierungen <\/strong>innerhalb der Software<\/li>\n\n\n\n<li><strong>Optimierung <\/strong>des Informationsflusses in Ihrem Unternehmen<\/li>\n\n\n\n<li>Erstellung von <strong>Datenschnittstellen <\/strong>f\u00fcr firmenspezifischen Datenaustausch  <br>(z.B. Excel-, XML-, EDI-, CSV-, DFQ-Format)<\/li>\n\n\n\n<li><strong>Organisation <\/strong>von Produktionsabl\u00e4ufen<\/li>\n\n\n\n<li><strong>Beratung <\/strong>f\u00fcr IT-Entscheidungen<\/li>\n\n\n\n<li><strong>Rollout Management<\/strong><\/li>\n<\/ul>\n<\/div>\n<\/div>\n\n\n\n<p>&nbsp;<\/p>\n\n\n\n<p><strong>Gerne arbeiten wir mit Partnern aus unserem Netzwerk oder <\/strong><br><strong>mit Ihrer hauseigenen EDV Abteilung als Team zusammen.<\/strong><\/p>\n\n\n\n<p>Alle Beratungen k\u00f6nnen am Telefon &amp; Remote Session \/ Video Konferenz oder&nbsp;<br>bei Ihnen vor Ort in Ihrem Unternehmen stattfinden.&nbsp;<\/p>\n\n\n\n<p>   <\/p>\n\n\n\n<p>   &nbsp;&nbsp;&nbsp;&nbsp;&nbsp;&nbsp;<\/p>\n\n\n\n<p>&nbsp;&nbsp;&nbsp;&nbsp;&nbsp;&nbsp;&nbsp;<\/p>\n\n\n\n<div class=\"wp-block-columns is-layout-flex wp-container-4 wp-block-columns-is-layout-flex\">\n<div class=\"wp-block-column is-layout-flow wp-block-column-is-layout-flow\" style=\"flex-basis:100%\">\n<p>  &nbsp;&nbsp;&nbsp;&nbsp;<\/p>\n<\/div>\n<\/div>\n\n\n\n<p><strong>Es ist uns wichtig Dienstleistungen abzugeben, mit denen Sie zufrieden sind. <br>Auf Wunsch gebe wir Ihnen gerne n\u00e4here Informationen \u00fcber <a href=\"https:\/\/brainproducts.org\/?page_id=69\">bereits realisierte Projekte<\/a>.<\/strong><\/p>\n\n\n\n<hr class=\"wp-block-separator has-alpha-channel-opacity\"\/>\n\n\n\n<p><a href=\"https:\/\/brainproducts.org\/?page_id=60\">Kontaktieren<\/a> Sie uns via E-Mail, wir beraten Sie gerne. ( <a title=\"Kontakt zu Brain Products \u00fcber die Webseite\" href=\"mailto:ORadel@BrainProducts.org\">ORadel@BrainProducts.org<\/a> )<\/p>\n\n\n<div class=\"wp-block-image\">\n<figure class=\"alignright size-full\"><img decoding=\"async\" loading=\"lazy\" width=\"196\" height=\"219\" src=\"http:\/\/brainproducts.org\/wp-content\/uploads\/Uschu.jpg\" alt=\"\" class=\"wp-image-236\"\/><\/figure><\/div>\n\n\n<figure class=\"wp-block-image size-full is-resized\"><img decoding=\"async\" loading=\"lazy\" width=\"512\" height=\"512\" src=\"http:\/\/brainproducts.org\/wp-content\/uploads\/cropped-Bueromat-Deluxe-Logo-Entwicklung.png\" alt=\"\" class=\"wp-image-218\" style=\"aspect-ratio:1;width:80px;height:auto\" srcset=\"https:\/\/brainproducts.org\/wp-content\/uploads\/cropped-Bueromat-Deluxe-Logo-Entwicklung.png 512w, https:\/\/brainproducts.org\/wp-content\/uploads\/cropped-Bueromat-Deluxe-Logo-Entwicklung-120x120.png 120w, https:\/\/brainproducts.org\/wp-content\/uploads\/cropped-Bueromat-Deluxe-Logo-Entwicklung-270x270.png 270w, https:\/\/brainproducts.org\/wp-content\/uploads\/cropped-Bueromat-Deluxe-Logo-Entwicklung-192x192.png 192w, https:\/\/brainproducts.org\/wp-content\/uploads\/cropped-Bueromat-Deluxe-Logo-Entwicklung-180x180.png 180w, https:\/\/brainproducts.org\/wp-content\/uploads\/cropped-Bueromat-Deluxe-Logo-Entwicklung-32x32.png 32w\" sizes=\"(max-width: 512px) 100vw, 512px\" \/><\/figure>\n","protected":false},"excerpt":{"rendered":"<p>Wir beraten Unternehmen in unterschiedlichen Bereichen &nbsp; &nbsp; Gerne arbeiten wir mit Partnern aus unserem Netzwerk oder mit Ihrer hauseigenen EDV Abteilung als Team zusammen. Alle Beratungen k\u00f6nnen am Telefon &amp; Remote Session \/ Video Konferenz oder&nbsp;bei Ihnen vor Ort in Ihrem Unternehmen stattfinden.&nbsp; &nbsp;&nbsp;&nbsp;&nbsp;&nbsp;&nbsp; &nbsp;&nbsp;&nbsp;&nbsp;&nbsp;&nbsp;&nbsp; &nbsp;&nbsp;&nbsp;&nbsp; Es ist uns wichtig Dienstleistungen abzugeben, mit denen Sie zufrieden sind. Auf Wunsch&#8230;<br \/><a class=\"read-more-button\" href=\"https:\/\/brainproducts.org\/?page_id=40\">Mehr Lesen<\/a><\/p>\n","protected":false},"author":1,"featured_media":0,"parent":0,"menu_order":2,"comment_status":"closed","ping_status":"closed","template":"template-full-width.php","meta":{"footnotes":""},"_links":{"self":[{"href":"https:\/\/brainproducts.org\/index.php?rest_route=\/wp\/v2\/pages\/40"}],"collection":[{"href":"https:\/\/brainproducts.org\/index.php?rest_route=\/wp\/v2\/pages"}],"about":[{"href":"https:\/\/brainproducts.org\/index.php?rest_route=\/wp\/v2\/types\/page"}],"author":[{"embeddable":true,"href":"https:\/\/brainproducts.org\/index.php?rest_route=\/wp\/v2\/users\/1"}],"replies":[{"embeddable":true,"href":"https:\/\/brainproducts.org\/index.php?rest_route=%2Fwp%2Fv2%2Fcomments&post=40"}],"version-history":[{"count":25,"href":"https:\/\/brainproducts.org\/index.php?rest_route=\/wp\/v2\/pages\/40\/revisions"}],"predecessor-version":[{"id":822,"href":"https:\/\/brainproducts.org\/index.php?rest_route=\/wp\/v2\/pages\/40\/revisions\/822"}],"wp:attachment":[{"href":"https:\/\/brainproducts.org\/index.php?rest_route=%2Fwp%2Fv2%2Fmedia&parent=40"}],"curies":[{"name":"wp","href":"https:\/\/api.w.org\/{rel}","templated":true}]}}