{"id":504,"date":"2024-05-31T17:27:15","date_gmt":"2024-05-31T17:27:15","guid":{"rendered":"https:\/\/brainproducts.org\/?page_id=504"},"modified":"2024-06-11T14:41:59","modified_gmt":"2024-06-11T14:41:59","slug":"export","status":"publish","type":"page","link":"https:\/\/brainproducts.org\/?page_id=504","title":{"rendered":"Export"},"content":{"rendered":"\n<p><\/p>\n\n\n\n<h3 class=\"wp-block-heading\">Exportieren, archivieren und weiterleiten von Dateien mit den<br>Formaten EDI, CSV, XML und EXCEL <\/h3>\n\n\n\n<p>Es besteht die M\u00f6glichkeit Dateien in unterschiedlichen Formaten <a href=\"https:\/\/brainproducts.org\/?page_id=514\">EDI<\/a>, <a href=\"https:\/\/brainproducts.org\/?page_id=517\">CSV<\/a>, <a href=\"https:\/\/brainproducts.org\/?page_id=511\">XML<\/a> und <a href=\"https:\/\/brainproducts.org\/?page_id=508\">EXCEL <\/a>zu exportieren. Diese Exporte k\u00f6nnen hier manuell gestartet werden. Es k\u00f6nnen auch mehrere Exporte gleichzeitig gestartet werden. Diese einzelnen Exportm\u00f6glichkeiten (<a href=\"http:\/\/brainproducts.org\/?page_id=514\">EDI<\/a>, <a href=\"http:\/\/brainproducts.org\/?page_id=517\">CSV<\/a>, <a href=\"http:\/\/brainproducts.org\/?page_id=511\">XML<\/a> oder <a href=\"http:\/\/brainproducts.org\/?page_id=508\">Excel<\/a>) k\u00f6nnen mit sogenannten <strong>Schablonen<\/strong>, wo genauere Detailinformationen abgelegt sind, flexibel konfiguriert werden.<\/p>\n\n\n\n<p><strong>Jeder Export kann individuell abgestimmt werden auf die Bed\u00fcrfnisse der Schnittstelle und des Kunden. <\/strong>Hierzu z\u00e4hlt die Wahl der <strong>Daten des Exportes<\/strong>, aber auch die Weiterleitung der Daten ist hier sehr flexibel. Alle Exportaktivit\u00e4ten k\u00f6nnen mit \u201eFTP oder LAN Datei Transfer Jobs\u201c zusammen ausgef\u00fchrt werden. Exportierte Dateien k\u00f6nnen so an <strong>(S)FTP Sever<\/strong> verschickt oder auch automatisch per <strong>Email <\/strong>verschickt werden. Es k\u00f6nnen Dateien <strong>archiviert <\/strong>werden, <strong>gezippt <\/strong>werden und auf Fileservern im Unternehmen abgelegt werden. Diese Exporte k\u00f6nnen zu jeder Zeit oder in bestimmten Tages-, Wochen- oder Monatszyklen mit den jeweils <strong>aktuellen Daten automatisch wiederholt<\/strong> werden.<\/p>\n\n\n\n<p>\u00a0<\/p>\n\n\n\n<p><\/p>\n\n\n\n\n\t\t<!-- MasterSlider -->\n\t\t<div id=\"P_MS665ca78f1282e\" class=\"master-slider-parent msl ms-parent-id-2\" style=\"max-width:1000px;\">\n\n\t\t\t\n\t\t\t<!-- MasterSlider Main -->\n\t\t\t<div id=\"MS665ca78f1282e\" class=\"master-slider ms-skin-light-3\" >\n\t\t\t\t \t\t\t\t \n\t\t\t\t<div  class=\"ms-slide\" data-delay=\"3\" data-fill-mode=\"fit\"  >\n\t\t\t\t\t<img src=\"https:\/\/brainproducts.org\/wp-content\/plugins\/master-slider\/public\/assets\/css\/blank.gif\" alt=\"\" title=\"\" data-src=\"https:\/\/brainproducts.org\/wp-content\/uploads\/Bild_2024-05-31_194605355.png\" \/>\n\n\n\t<div class=\"ms-thumb\" ><div class=\"ms-tab-context\"><div class=&quot;ms-tab-context&quot;><\/div><\/div>\n<\/div>\n\t\t\t\t<\/div>\n\t\t\t\t<div  class=\"ms-slide\" data-delay=\"3\" data-fill-mode=\"fill\"  >\n\t\t\t\t\t<img src=\"https:\/\/brainproducts.org\/wp-content\/plugins\/master-slider\/public\/assets\/css\/blank.gif\" alt=\"\" title=\"\" data-src=\"https:\/\/brainproducts.org\/wp-content\/uploads\/Bild_2024-05-31_194623103.png\" \/>\n\n\n\t<div class=\"ms-thumb\" ><div class=\"ms-tab-context\"><div class=&quot;ms-tab-context&quot;><\/div><\/div>\n<\/div>\n\t\t\t\t<\/div>\n\t\t\t\t<div  class=\"ms-slide\" data-delay=\"3\" data-fill-mode=\"fill\"  >\n\t\t\t\t\t<img src=\"https:\/\/brainproducts.org\/wp-content\/plugins\/master-slider\/public\/assets\/css\/blank.gif\" alt=\"\" title=\"\" data-src=\"https:\/\/brainproducts.org\/wp-content\/uploads\/Bild_2024-05-31_204902004.png\" \/>\n\n\n\t<div class=\"ms-thumb\" ><div class=\"ms-tab-context\"><div class=&quot;ms-tab-context&quot;><\/div><\/div>\n<\/div>\n\t\t\t\t<\/div>\n\t\t\t\t<div  class=\"ms-slide\" data-delay=\"3\" data-fill-mode=\"fill\"  >\n\t\t\t\t\t<img src=\"https:\/\/brainproducts.org\/wp-content\/plugins\/master-slider\/public\/assets\/css\/blank.gif\" alt=\"\" title=\"\" data-src=\"https:\/\/brainproducts.org\/wp-content\/uploads\/Bild_2024-05-31_211734900.png\" \/>\n\n\n\t<div class=\"ms-thumb\" ><div class=\"ms-tab-context\"><div class=&quot;ms-tab-context&quot;><\/div><\/div>\n<\/div>\n\t\t\t\t<\/div>\n\t\t\t\t<div  class=\"ms-slide\" data-delay=\"3\" data-fill-mode=\"fill\"  >\n\t\t\t\t\t<img src=\"https:\/\/brainproducts.org\/wp-content\/plugins\/master-slider\/public\/assets\/css\/blank.gif\" alt=\"\" title=\"\" data-src=\"https:\/\/brainproducts.org\/wp-content\/uploads\/Bild_2024-05-31_211749098.png\" \/>\n\n\n\t<div class=\"ms-thumb\" ><div class=\"ms-tab-context\"><div class=&quot;ms-tab-context&quot;><\/div><\/div>\n<\/div>\n\t\t\t\t<\/div>\n\t\t\t\t<div  class=\"ms-slide\" data-delay=\"3\" data-fill-mode=\"fill\"  >\n\t\t\t\t\t<img src=\"https:\/\/brainproducts.org\/wp-content\/plugins\/master-slider\/public\/assets\/css\/blank.gif\" alt=\"\" title=\"\" data-src=\"https:\/\/brainproducts.org\/wp-content\/uploads\/Bild_2024-05-31_212141534.png\" \/>\n\n\n\t<div class=\"ms-thumb\" ><div class=\"ms-tab-context\"><div class=&quot;ms-tab-context&quot;><\/div><\/div>\n<\/div>\n\t\t\t\t<\/div>\n\n\t\t\t<\/div>\n\t\t\t<!-- END MasterSlider Main -->\n\n\t\t\t \n\t\t<\/div>\n\t\t<!-- END MasterSlider -->\n\n\t\t<script>\n\t\t(function ( $ ) {\n\t\t\t\"use strict\";\n\n\t\t\t$(function () {\n\t\t\t\tvar masterslider_282e = new MasterSlider();\n\n\t\t\t\t\/\/ slider controls\n\t\t\t\tmasterslider_282e.control('arrows'     ,{ autohide:true, overVideo:true  });\n\t\t\t\t\/\/ slider setup\n\t\t\t\tmasterslider_282e.setup(\"MS665ca78f1282e\", {\n\t\t\t\t\t\twidth           : 1000,\n\t\t\t\t\t\theight          : 560,\n\t\t\t\t\t\tminHeight       : 0,\n\t\t\t\t\t\tspace           : 0,\n\t\t\t\t\t\tstart           : 1,\n\t\t\t\t\t\tgrabCursor      : true,\n\t\t\t\t\t\tswipe           : true,\n\t\t\t\t\t\tmouse           : true,\n\t\t\t\t\t\tlayout          : \"boxed\",\n\t\t\t\t\t\twheel           : false,\n\t\t\t\t\t\tautoplay        : true,\n\t\t\t\t\t\tinstantStartLayers:false,\n\t\t\t\t\t\tloop            : true,\n\t\t\t\t\t\tshuffle         : false,\n\t\t\t\t\t\tpreload         : 0,\n\t\t\t\t\t\theightLimit     : true,\n\t\t\t\t\t\tautoHeight      : false,\n\t\t\t\t\t\tsmoothHeight    : true,\n\t\t\t\t\t\tendPause        : false,\n\t\t\t\t\t\toverPause       : false,\n\t\t\t\t\t\tfillMode        : \"fill\",\n\t\t\t\t\t\tcenterControls  : true,\n\t\t\t\t\t\tstartOnAppear   : false,\n\t\t\t\t\t\tlayersMode      : \"center\",\n\t\t\t\t\t\thideLayers      : false,\n\t\t\t\t\t\tfullscreenMargin: 0,\n\t\t\t\t\t\tspeed           : 20,\n\t\t\t\t\t\tdir             : \"h\",\n\t\t\t\t\t\tparallaxMode    : 'swipe',\n\t\t\t\t\t\tview            : \"fade\"\n\t\t\t\t});\n\n\t\t\t\t\n\t\t\t\twindow.masterslider_instances = window.masterslider_instances || [];\n\t\t\t\twindow.masterslider_instances.push( masterslider_282e );\n\t\t\t });\n\n\t\t})(jQuery);\n\t\t<\/script>\n\n\n\n\n\n<p>\u00a0<\/p>\n\n\n\n<p>Hier sieht man den Aufruf im Hauptmen\u00fc Ribbon f\u00fcr den Export und Import. Das Aussehen des Ribbons h\u00e4ngt aber von den eigenen W\u00fcnschen und den vorhandenen Modulen ab.<\/p>\n\n\n\n<figure class=\"wp-block-image size-full\"><img decoding=\"async\" loading=\"lazy\" width=\"1063\" height=\"154\" src=\"https:\/\/brainproducts.org\/wp-content\/uploads\/image.png\" alt=\"\" class=\"wp-image-524\" srcset=\"https:\/\/brainproducts.org\/wp-content\/uploads\/image.png 1063w, https:\/\/brainproducts.org\/wp-content\/uploads\/image-900x130.png 900w, https:\/\/brainproducts.org\/wp-content\/uploads\/image-768x111.png 768w, https:\/\/brainproducts.org\/wp-content\/uploads\/image-972x141.png 972w\" sizes=\"(max-width: 1063px) 100vw, 1063px\" \/><\/figure>\n\n\n\n<p>&nbsp;<\/p>\n\n\n\n<p>&nbsp;<\/p>\n\n\n\n<p><strong>Es ist uns wichtig Dienstleistungen abzugeben, mit denen Sie zufrieden sind. <br>Auf Wunsch gebe wir Ihnen gerne n\u00e4here Informationen \u00fcber <a href=\"https:\/\/brainproducts.org\/?page_id=69\">bereits realisierte Projekte<\/a>.<\/strong><\/p>\n\n\n\n<hr class=\"wp-block-separator has-alpha-channel-opacity\"\/>\n\n\n\n<p><a href=\"https:\/\/brainproducts.org\/?page_id=60\">Kontaktieren<\/a> Sie uns via E-Mail, wir beraten Sie gerne. ( <a title=\"Kontakt zu Brain Products \u00fcber die Webseite\" href=\"mailto:ORadel@BrainProducts.org\">ORadel@BrainProducts.org<\/a> )<\/p>\n\n\n<div class=\"wp-block-image\">\n<figure class=\"alignright size-full\"><img decoding=\"async\" loading=\"lazy\" width=\"250\" height=\"209\" src=\"http:\/\/brainproducts.org\/wp-content\/uploads\/Bil4Klei.jpg\" alt=\"\" class=\"wp-image-231\"\/><\/figure><\/div>\n\n\n<figure class=\"wp-block-image size-full is-resized\"><img decoding=\"async\" loading=\"lazy\" width=\"512\" height=\"512\" src=\"https:\/\/brainproducts.org\/wp-content\/uploads\/image-1.png\" alt=\"\" class=\"wp-image-538\" style=\"aspect-ratio:1;width:62px;height:auto\" srcset=\"https:\/\/brainproducts.org\/wp-content\/uploads\/image-1.png 512w, https:\/\/brainproducts.org\/wp-content\/uploads\/image-1-120x120.png 120w\" sizes=\"(max-width: 512px) 100vw, 512px\" \/><\/figure>\n","protected":false},"excerpt":{"rendered":"<p>Exportieren, archivieren und weiterleiten von Dateien mit denFormaten EDI, CSV, XML und EXCEL Es besteht die M\u00f6glichkeit Dateien in unterschiedlichen Formaten EDI, CSV, XML und EXCEL zu exportieren. Diese Exporte k\u00f6nnen hier manuell gestartet werden. Es k\u00f6nnen auch mehrere Exporte gleichzeitig gestartet werden. Diese einzelnen Exportm\u00f6glichkeiten (EDI, CSV, XML oder Excel) k\u00f6nnen mit sogenannten Schablonen, wo genauere Detailinformationen abgelegt sind,&#8230;<br \/><a class=\"read-more-button\" href=\"https:\/\/brainproducts.org\/?page_id=504\">Mehr Lesen<\/a><\/p>\n","protected":false},"author":1,"featured_media":0,"parent":0,"menu_order":0,"comment_status":"closed","ping_status":"closed","template":"template-full-width.php","meta":{"footnotes":""},"_links":{"self":[{"href":"https:\/\/brainproducts.org\/index.php?rest_route=\/wp\/v2\/pages\/504"}],"collection":[{"href":"https:\/\/brainproducts.org\/index.php?rest_route=\/wp\/v2\/pages"}],"about":[{"href":"https:\/\/brainproducts.org\/index.php?rest_route=\/wp\/v2\/types\/page"}],"author":[{"embeddable":true,"href":"https:\/\/brainproducts.org\/index.php?rest_route=\/wp\/v2\/users\/1"}],"replies":[{"embeddable":true,"href":"https:\/\/brainproducts.org\/index.php?rest_route=%2Fwp%2Fv2%2Fcomments&post=504"}],"version-history":[{"count":14,"href":"https:\/\/brainproducts.org\/index.php?rest_route=\/wp\/v2\/pages\/504\/revisions"}],"predecessor-version":[{"id":804,"href":"https:\/\/brainproducts.org\/index.php?rest_route=\/wp\/v2\/pages\/504\/revisions\/804"}],"wp:attachment":[{"href":"https:\/\/brainproducts.org\/index.php?rest_route=%2Fwp%2Fv2%2Fmedia&parent=504"}],"curies":[{"name":"wp","href":"https:\/\/api.w.org\/{rel}","templated":true}]}}