{"id":508,"date":"2024-05-31T17:28:40","date_gmt":"2024-05-31T17:28:40","guid":{"rendered":"https:\/\/brainproducts.org\/?page_id=508"},"modified":"2024-06-23T10:12:05","modified_gmt":"2024-06-23T10:12:05","slug":"excel-export","status":"publish","type":"page","link":"https:\/\/brainproducts.org\/?page_id=508","title":{"rendered":"Excel Export"},"content":{"rendered":"\n<h3 class=\"wp-block-heading\">Bearbeiten der Schablonen f\u00fcr Excel Dateien mit flexiblen Daten<\/h3>\n\n\n\n<p>Dieses Modul &#8218;Excel Export&#8216; erm\u00f6glicht den Export von Excel Dateien in ein Exportverzeichnis des B\u00fcromat Deluxe. Im B\u00fcromat hei\u00dft das <strong>Schablone<\/strong>, da hier festgelegt wird, wie die ver\u00e4nderlichen Daten aus der Tabelle nach Excel gebracht werden sollen. Hier werden die Tabellenfelder auf Zellen in Excel gemappt. In einer solchen Schablone wird auch der Dateiname festgelegt. Er kann zum Beispiel eine laufende Exportnummer oder das Datum enthalten.<\/p>\n\n\n\n<p>Hier kann eine beliebige Tabelle als Datenbasis angegeben werden. Hier k\u00f6nnen mehre Abfragen im Vorfeld ausgef\u00fchrt werden, die in eine zu exportierende Tabelle m\u00fcnden. Diese Abfragen k\u00f6nnen auf Puffertabellen aufsetzen, um den aktiven SQL Server nicht zu schw\u00e4chen. Die einzelnen Felder werden in einer Excel-Schablone sehr flexibel konfiguriert. Hier k\u00f6nnen auch Daten modifiziert, gemerkt oder mit einem Funktionsassistenten gelesen und bearbeitet werden. Dieses Modul unterst\u00fctzt die Automatismus und Cockpit Funktionen des Systems. <strong>Dies bedeutet Excel Dateien k\u00f6nnen zusammen mit FTP LAN Transfer Jobs kombiniert, zu jedem beliebigem Zeitpunkt voll <a href=\"https:\/\/brainproducts.org\/?page_id=754\">automatisch <\/a>exportiert und verschickt werden.<\/strong> Hierbei kann im LAN, \u00fcber (S)FTP Server kommuniziert werden. Eine automatische Verschickung via Email ist ebenfalls m\u00f6glich. Die Reports k\u00f6nnen im Cockpit nachgelesen werden. (Siehe auch <strong><a href=\"https:\/\/brainproducts.org\/?page_id=754\">Automatismus<\/a><\/strong>)<\/p>\n\n\n\n<p>Es k\u00f6nnen Pr\u00fcfroutinen die Qualit\u00e4t der Daten im Export sicher stellen und notfalls dar\u00fcber per Email informieren.<\/p>\n\n\n\n<p> &nbsp;<\/p>\n\n\n\n\n\t\t<!-- MasterSlider -->\n\t\t<div id=\"P_MS6677fc520614a\" class=\"master-slider-parent msl ms-parent-id-5\" style=\"max-width:1000px;\">\n\n\t\t\t\n\t\t\t<!-- MasterSlider Main -->\n\t\t\t<div id=\"MS6677fc520614a\" class=\"master-slider ms-skin-light-3\" >\n\t\t\t\t \t\t\t\t \n\t\t\t\t<div  class=\"ms-slide\" data-delay=\"3\" data-fill-mode=\"fill\"  >\n\t\t\t\t\t<img src=\"https:\/\/brainproducts.org\/wp-content\/plugins\/master-slider\/public\/assets\/css\/blank.gif\" alt=\"\" title=\"\" data-src=\"https:\/\/brainproducts.org\/wp-content\/uploads\/Bild_2024-06-02_144255434.png\" \/>\n\n\n\t<div class=\"ms-thumb\" ><div class=\"ms-tab-context\"><div class=&quot;ms-tab-context&quot;><\/div><\/div>\n<\/div>\n\t\t\t\t<\/div>\n\t\t\t\t<div  class=\"ms-slide\" data-delay=\"3\" data-fill-mode=\"fill\"  >\n\t\t\t\t\t<img src=\"https:\/\/brainproducts.org\/wp-content\/plugins\/master-slider\/public\/assets\/css\/blank.gif\" alt=\"\" title=\"\" data-src=\"https:\/\/brainproducts.org\/wp-content\/uploads\/Bild_2024-06-02_144331692.png\" \/>\n\n\n\t<div class=\"ms-thumb\" ><div class=\"ms-tab-context\"><div class=&quot;ms-tab-context&quot;><\/div><\/div>\n<\/div>\n\t\t\t\t<\/div>\n\t\t\t\t<div  class=\"ms-slide\" data-delay=\"3\" data-fill-mode=\"fill\"  >\n\t\t\t\t\t<img src=\"https:\/\/brainproducts.org\/wp-content\/plugins\/master-slider\/public\/assets\/css\/blank.gif\" alt=\"\" title=\"\" data-src=\"https:\/\/brainproducts.org\/wp-content\/uploads\/Bild_2024-06-02_144401622.png\" \/>\n\n\n\t<div class=\"ms-thumb\" ><div class=\"ms-tab-context\"><div class=&quot;ms-tab-context&quot;><\/div><\/div>\n<\/div>\n\t\t\t\t<\/div>\n\t\t\t\t<div  class=\"ms-slide\" data-delay=\"3\" data-fill-mode=\"fill\"  >\n\t\t\t\t\t<img src=\"https:\/\/brainproducts.org\/wp-content\/plugins\/master-slider\/public\/assets\/css\/blank.gif\" alt=\"\" title=\"\" data-src=\"https:\/\/brainproducts.org\/wp-content\/uploads\/Bild_2024-06-02_144456829.png\" \/>\n\n\n\t<div class=\"ms-thumb\" ><div class=\"ms-tab-context\"><div class=&quot;ms-tab-context&quot;><\/div><\/div>\n<\/div>\n\t\t\t\t<\/div>\n\t\t\t\t<div  class=\"ms-slide\" data-delay=\"3\" data-fill-mode=\"fill\"  >\n\t\t\t\t\t<img src=\"https:\/\/brainproducts.org\/wp-content\/plugins\/master-slider\/public\/assets\/css\/blank.gif\" alt=\"\" title=\"\" data-src=\"https:\/\/brainproducts.org\/wp-content\/uploads\/Bild_2024-06-02_144513690.png\" \/>\n\n\n\t<div class=\"ms-thumb\" ><div class=\"ms-tab-context\"><div class=&quot;ms-tab-context&quot;><\/div><\/div>\n<\/div>\n\t\t\t\t<\/div>\n\t\t\t\t<div  class=\"ms-slide\" data-delay=\"3\" data-fill-mode=\"fill\"  >\n\t\t\t\t\t<img src=\"https:\/\/brainproducts.org\/wp-content\/plugins\/master-slider\/public\/assets\/css\/blank.gif\" alt=\"\" title=\"\" data-src=\"https:\/\/brainproducts.org\/wp-content\/uploads\/Bild_2024-06-02_144541359.png\" \/>\n\n\n\t<div class=\"ms-thumb\" ><div class=\"ms-tab-context\"><div class=&quot;ms-tab-context&quot;><\/div><\/div>\n<\/div>\n\t\t\t\t<\/div>\n\t\t\t\t<div  class=\"ms-slide\" data-delay=\"3\" data-fill-mode=\"fill\"  >\n\t\t\t\t\t<img src=\"https:\/\/brainproducts.org\/wp-content\/plugins\/master-slider\/public\/assets\/css\/blank.gif\" alt=\"\" title=\"\" data-src=\"https:\/\/brainproducts.org\/wp-content\/uploads\/Bild_2024-06-02_144608026.png\" \/>\n\n\n\t<div class=\"ms-thumb\" ><div class=\"ms-tab-context\"><div class=&quot;ms-tab-context&quot;><\/div><\/div>\n<\/div>\n\t\t\t\t<\/div>\n\t\t\t\t<div  class=\"ms-slide\" data-delay=\"3\" data-fill-mode=\"fill\"  >\n\t\t\t\t\t<img src=\"https:\/\/brainproducts.org\/wp-content\/plugins\/master-slider\/public\/assets\/css\/blank.gif\" alt=\"\" title=\"\" data-src=\"https:\/\/brainproducts.org\/wp-content\/uploads\/Bild_2024-06-02_124713742.png\" \/>\n\n\n\t<div class=\"ms-thumb\" ><div class=\"ms-tab-context\"><div class=&quot;ms-tab-context&quot;><\/div><\/div>\n<\/div>\n\t\t\t\t<\/div>\n\t\t\t\t<div  class=\"ms-slide\" data-delay=\"3\" data-fill-mode=\"fill\"  >\n\t\t\t\t\t<img src=\"https:\/\/brainproducts.org\/wp-content\/plugins\/master-slider\/public\/assets\/css\/blank.gif\" alt=\"\" title=\"\" data-src=\"https:\/\/brainproducts.org\/wp-content\/uploads\/Bild_2024-06-02_135520004.png\" \/>\n\n\n\t<div class=\"ms-thumb\" ><div class=\"ms-tab-context\"><div class=&quot;ms-tab-context&quot;><\/div><\/div>\n<\/div>\n\t\t\t\t<\/div>\n\t\t\t\t<div  class=\"ms-slide\" data-delay=\"3\" data-fill-mode=\"fill\"  >\n\t\t\t\t\t<img src=\"https:\/\/brainproducts.org\/wp-content\/plugins\/master-slider\/public\/assets\/css\/blank.gif\" alt=\"\" title=\"\" data-src=\"https:\/\/brainproducts.org\/wp-content\/uploads\/Bild_2024-06-02_145439925.png\" \/>\n\n\n\t<div class=\"ms-thumb\" ><div class=\"ms-tab-context\"><div class=&quot;ms-tab-context&quot;><\/div><\/div>\n<\/div>\n\t\t\t\t<\/div>\n\t\t\t\t<div  class=\"ms-slide\" data-delay=\"3\" data-fill-mode=\"fill\"  >\n\t\t\t\t\t<img src=\"https:\/\/brainproducts.org\/wp-content\/plugins\/master-slider\/public\/assets\/css\/blank.gif\" alt=\"\" title=\"\" data-src=\"https:\/\/brainproducts.org\/wp-content\/uploads\/Bild_2024-06-02_124713742.png\" \/>\n\n\n\t<div class=\"ms-thumb\" ><div class=\"ms-tab-context\"><div class=&quot;ms-tab-context&quot;><\/div><\/div>\n<\/div>\n\t\t\t\t<\/div>\n\n\t\t\t<\/div>\n\t\t\t<!-- END MasterSlider Main -->\n\n\t\t\t \n\t\t<\/div>\n\t\t<!-- END MasterSlider -->\n\n\t\t<script>\n\t\t(function ( $ ) {\n\t\t\t\"use strict\";\n\n\t\t\t$(function () {\n\t\t\t\tvar masterslider_614a = new MasterSlider();\n\n\t\t\t\t\/\/ slider controls\n\t\t\t\tmasterslider_614a.control('arrows'     ,{ autohide:true, overVideo:true  });\n\t\t\t\t\/\/ slider setup\n\t\t\t\tmasterslider_614a.setup(\"MS6677fc520614a\", {\n\t\t\t\t\t\twidth           : 1000,\n\t\t\t\t\t\theight          : 620,\n\t\t\t\t\t\tminHeight       : 0,\n\t\t\t\t\t\tspace           : 0,\n\t\t\t\t\t\tstart           : 1,\n\t\t\t\t\t\tgrabCursor      : true,\n\t\t\t\t\t\tswipe           : true,\n\t\t\t\t\t\tmouse           : true,\n\t\t\t\t\t\tlayout          : \"boxed\",\n\t\t\t\t\t\twheel           : false,\n\t\t\t\t\t\tautoplay        : true,\n\t\t\t\t\t\tinstantStartLayers:false,\n\t\t\t\t\t\tloop            : true,\n\t\t\t\t\t\tshuffle         : false,\n\t\t\t\t\t\tpreload         : 0,\n\t\t\t\t\t\theightLimit     : true,\n\t\t\t\t\t\tautoHeight      : false,\n\t\t\t\t\t\tsmoothHeight    : true,\n\t\t\t\t\t\tendPause        : false,\n\t\t\t\t\t\toverPause       : false,\n\t\t\t\t\t\tfillMode        : \"fill\",\n\t\t\t\t\t\tcenterControls  : true,\n\t\t\t\t\t\tstartOnAppear   : false,\n\t\t\t\t\t\tlayersMode      : \"center\",\n\t\t\t\t\t\thideLayers      : false,\n\t\t\t\t\t\tfullscreenMargin: 0,\n\t\t\t\t\t\tspeed           : 20,\n\t\t\t\t\t\tdir             : \"h\",\n\t\t\t\t\t\tparallaxMode    : 'swipe',\n\t\t\t\t\t\tview            : \"fade\"\n\t\t\t\t});\n\n\t\t\t\t\n\t\t\t\twindow.masterslider_instances = window.masterslider_instances || [];\n\t\t\t\twindow.masterslider_instances.push( masterslider_614a );\n\t\t\t });\n\n\t\t})(jQuery);\n\t\t<\/script>\n\n\n\n\n\n<p><\/p>\n\n\n\n<p>&nbsp;<\/p>\n\n\n\n<p>Hier ein Teil eines Beispiels einer Excel-Datei f\u00fcr den Datenaustusch von Lieferscheinen zwischen der BOSCH GmbH und Hirschburger Frischdienst GmbH: <\/p>\n\n\n\n<p>\u00a0<\/p>\n\n\n\n<figure class=\"wp-block-image size-large\"><img decoding=\"async\" loading=\"lazy\" width=\"1280\" height=\"679\" src=\"https:\/\/brainproducts.org\/wp-content\/uploads\/Bild_2024-06-23_121134369-1280x679.png\" alt=\"\" class=\"wp-image-922\" srcset=\"https:\/\/brainproducts.org\/wp-content\/uploads\/Bild_2024-06-23_121134369-1280x679.png 1280w, https:\/\/brainproducts.org\/wp-content\/uploads\/Bild_2024-06-23_121134369-900x478.png 900w, https:\/\/brainproducts.org\/wp-content\/uploads\/Bild_2024-06-23_121134369-768x408.png 768w, https:\/\/brainproducts.org\/wp-content\/uploads\/Bild_2024-06-23_121134369-1536x815.png 1536w, https:\/\/brainproducts.org\/wp-content\/uploads\/Bild_2024-06-23_121134369-972x516.png 972w, https:\/\/brainproducts.org\/wp-content\/uploads\/Bild_2024-06-23_121134369.png 1920w\" sizes=\"(max-width: 1280px) 100vw, 1280px\" \/><\/figure>\n\n\n\n<p>&nbsp;<\/p>\n\n\n\n<p><strong>Es ist uns wichtig Dienstleistungen abzugeben, mit denen Sie zufrieden sind. <br>Auf Wunsch gebe wir Ihnen gerne n\u00e4here Informationen \u00fcber <a href=\"https:\/\/brainproducts.org\/?page_id=69\">bereits realisierte Projekte<\/a>.<\/strong><\/p>\n\n\n\n<hr class=\"wp-block-separator has-alpha-channel-opacity\"\/>\n\n\n\n<p><a href=\"https:\/\/brainproducts.org\/?page_id=60\">Kontaktieren<\/a> Sie uns via E-Mail, wir beraten Sie gerne. ( <a title=\"Kontakt zu Brain Products \u00fcber die Webseite\" href=\"mailto:ORadel@BrainProducts.org\">ORadel@BrainProducts.org<\/a> )<\/p>\n\n\n<div class=\"wp-block-image\">\n<figure class=\"alignright size-full\"><img decoding=\"async\" loading=\"lazy\" width=\"250\" height=\"209\" src=\"http:\/\/brainproducts.org\/wp-content\/uploads\/Bil4Klei.jpg\" alt=\"\" class=\"wp-image-231\"\/><\/figure><\/div>\n\n\n<figure class=\"wp-block-image size-full is-resized\"><img decoding=\"async\" loading=\"lazy\" width=\"512\" height=\"512\" src=\"https:\/\/brainproducts.org\/wp-content\/uploads\/image-1.png\" alt=\"\" class=\"wp-image-538\" style=\"aspect-ratio:1;width:62px;height:auto\" srcset=\"https:\/\/brainproducts.org\/wp-content\/uploads\/image-1.png 512w, https:\/\/brainproducts.org\/wp-content\/uploads\/image-1-120x120.png 120w\" sizes=\"(max-width: 512px) 100vw, 512px\" \/><\/figure>\n","protected":false},"excerpt":{"rendered":"<p>Bearbeiten der Schablonen f\u00fcr Excel Dateien mit flexiblen Daten Dieses Modul &#8218;Excel Export&#8216; erm\u00f6glicht den Export von Excel Dateien in ein Exportverzeichnis des B\u00fcromat Deluxe. Im B\u00fcromat hei\u00dft das Schablone, da hier festgelegt wird, wie die ver\u00e4nderlichen Daten aus der Tabelle nach Excel gebracht werden sollen. Hier werden die Tabellenfelder auf Zellen in Excel gemappt. In einer solchen Schablone wird&#8230;<br \/><a class=\"read-more-button\" href=\"https:\/\/brainproducts.org\/?page_id=508\">Mehr Lesen<\/a><\/p>\n","protected":false},"author":1,"featured_media":0,"parent":0,"menu_order":0,"comment_status":"closed","ping_status":"closed","template":"template-full-width.php","meta":{"footnotes":""},"_links":{"self":[{"href":"https:\/\/brainproducts.org\/index.php?rest_route=\/wp\/v2\/pages\/508"}],"collection":[{"href":"https:\/\/brainproducts.org\/index.php?rest_route=\/wp\/v2\/pages"}],"about":[{"href":"https:\/\/brainproducts.org\/index.php?rest_route=\/wp\/v2\/types\/page"}],"author":[{"embeddable":true,"href":"https:\/\/brainproducts.org\/index.php?rest_route=\/wp\/v2\/users\/1"}],"replies":[{"embeddable":true,"href":"https:\/\/brainproducts.org\/index.php?rest_route=%2Fwp%2Fv2%2Fcomments&post=508"}],"version-history":[{"count":5,"href":"https:\/\/brainproducts.org\/index.php?rest_route=\/wp\/v2\/pages\/508\/revisions"}],"predecessor-version":[{"id":923,"href":"https:\/\/brainproducts.org\/index.php?rest_route=\/wp\/v2\/pages\/508\/revisions\/923"}],"wp:attachment":[{"href":"https:\/\/brainproducts.org\/index.php?rest_route=%2Fwp%2Fv2%2Fmedia&parent=508"}],"curies":[{"name":"wp","href":"https:\/\/api.w.org\/{rel}","templated":true}]}}