{"id":511,"date":"2024-05-31T17:29:10","date_gmt":"2024-05-31T17:29:10","guid":{"rendered":"https:\/\/brainproducts.org\/?page_id=511"},"modified":"2024-06-23T10:09:28","modified_gmt":"2024-06-23T10:09:28","slug":"xml-export","status":"publish","type":"page","link":"https:\/\/brainproducts.org\/?page_id=511","title":{"rendered":"XML Export"},"content":{"rendered":"\n<p><\/p>\n\n\n\n<h3 class=\"wp-block-heading\">Bearbeiten der Schablonen f\u00fcr XML Dateien mit 5 Hierachie-Ebenen und Daten<\/h3>\n\n\n\n<p>Dieses Modul &#8218;XML Export&#8216; erm\u00f6glicht den Export von ACSII Text Dateien im XML Format in ein Exportverzeichnis des B\u00fcromat Deluxe.<\/p>\n\n\n\n<p>Hier kann eine beliebige Tabelle als Datenbasis angegeben werden. Hier k\u00f6nnen mehre Abfragen im Vorfeld ausgef\u00fchrt werden, die in eine oder mehrere zu exportierende Tabellen m\u00fcnden.<\/p>\n\n\n\n<p>XML Dateien sind h\u00e4ufig hierarchisch in den Schnittstellen gefordert. Im normalen Office Paket (z.B. Excel und Standard Access) kann man nur einfach hierarchische XML Dateien exportieren. Der B\u00fcromat Deluxe kann bis zu 5 Hierachie Ebenen verwalten. Die einzelnen Ebenen k\u00f6nnen leicht bewegt werden, um eine Umhierachisierung durchzuf\u00fchren. Jede Ebene kann eine Tabelle hinterlegt bekommen und die mit Indizes entsprechen verkn\u00fcpfen.<\/p>\n\n\n\n<p>Die einzelnen Felder werden in einer XML-Schablone sehr flexibel konfiguriert. Hier k\u00f6nnen auch Daten modifiziert, gemerkt oder mit einem Funktionsassistenten gelesen und bearbeitet werden. Es k\u00f6nnen auch grosse Dateien von mehreren MBs sehr schnell erstellt werden. Dieses Modul unterst\u00fctzt die Automatismus und Cockpit Funktionen des Systems. Dies bedeutet XML Dateien k\u00f6nnen zusammen mit FTP LAN Transfer Jobs kombiniert, zu jedem beliebigem Zeitpunkt voll <a href=\"https:\/\/brainproducts.org\/?page_id=754\">automatisch <\/a>exportiert werden. Hierbei kann im LAN, \u00fcber FTP oder SFTP Server kommuniziert werden. Die Reports k\u00f6nnen im Cockpit nachgelesen werden. (Siehe auch <strong><a href=\"https:\/\/brainproducts.org\/?page_id=754\">Automatismus<\/a><\/strong>)<\/p>\n\n\n\n<p> &nbsp;<\/p>\n\n\n\n\n\t\t<!-- MasterSlider -->\n\t\t<div id=\"P_MS66686033a4fdf\" class=\"master-slider-parent msl ms-parent-id-9\" style=\"max-width:1000px;\">\n\n\t\t\t\n\t\t\t<!-- MasterSlider Main -->\n\t\t\t<div id=\"MS66686033a4fdf\" class=\"master-slider ms-skin-light-3\" >\n\t\t\t\t \t\t\t\t \n\t\t\t\t<div  class=\"ms-slide\" data-delay=\"3\" data-fill-mode=\"fill\"  >\n\t\t\t\t\t<img src=\"https:\/\/brainproducts.org\/wp-content\/plugins\/master-slider\/public\/assets\/css\/blank.gif\" alt=\"\" title=\"\" data-src=\"https:\/\/brainproducts.org\/wp-content\/uploads\/Bild_2024-06-11_161840406.png\" \/>\n\n\n\t<div class=\"ms-thumb\" ><div class=\"ms-tab-context\"><div class=&quot;ms-tab-context&quot;><\/div><\/div>\n<\/div>\n\t\t\t\t<\/div>\n\t\t\t\t<div  class=\"ms-slide\" data-delay=\"3\" data-fill-mode=\"fill\"  >\n\t\t\t\t\t<img src=\"https:\/\/brainproducts.org\/wp-content\/plugins\/master-slider\/public\/assets\/css\/blank.gif\" alt=\"\" title=\"\" data-src=\"https:\/\/brainproducts.org\/wp-content\/uploads\/Bild_2024-06-11_161850134.png\" \/>\n\n\n\t<div class=\"ms-thumb\" ><div class=\"ms-tab-context\"><div class=&quot;ms-tab-context&quot;><\/div><\/div>\n<\/div>\n\t\t\t\t<\/div>\n\t\t\t\t<div  class=\"ms-slide\" data-delay=\"3\" data-fill-mode=\"fill\"  >\n\t\t\t\t\t<img src=\"https:\/\/brainproducts.org\/wp-content\/plugins\/master-slider\/public\/assets\/css\/blank.gif\" alt=\"\" title=\"\" data-src=\"https:\/\/brainproducts.org\/wp-content\/uploads\/Bild_2024-06-11_161857515.png\" \/>\n\n\n\t<div class=\"ms-thumb\" ><div class=\"ms-tab-context\"><div class=&quot;ms-tab-context&quot;><\/div><\/div>\n<\/div>\n\t\t\t\t<\/div>\n\t\t\t\t<div  class=\"ms-slide\" data-delay=\"3\" data-fill-mode=\"fill\"  >\n\t\t\t\t\t<img src=\"https:\/\/brainproducts.org\/wp-content\/plugins\/master-slider\/public\/assets\/css\/blank.gif\" alt=\"\" title=\"\" data-src=\"https:\/\/brainproducts.org\/wp-content\/uploads\/Bild_2024-06-11_161906134.png\" \/>\n\n\n\t<div class=\"ms-thumb\" ><div class=\"ms-tab-context\"><div class=&quot;ms-tab-context&quot;><\/div><\/div>\n<\/div>\n\t\t\t\t<\/div>\n\t\t\t\t<div  class=\"ms-slide\" data-delay=\"3\" data-fill-mode=\"fill\"  >\n\t\t\t\t\t<img src=\"https:\/\/brainproducts.org\/wp-content\/plugins\/master-slider\/public\/assets\/css\/blank.gif\" alt=\"\" title=\"\" data-src=\"https:\/\/brainproducts.org\/wp-content\/uploads\/Bild_2024-06-11_161914476.png\" \/>\n\n\n\t<div class=\"ms-thumb\" ><div class=\"ms-tab-context\"><div class=&quot;ms-tab-context&quot;><\/div><\/div>\n<\/div>\n\t\t\t\t<\/div>\n\t\t\t\t<div  class=\"ms-slide\" data-delay=\"3\" data-fill-mode=\"fill\"  >\n\t\t\t\t\t<img src=\"https:\/\/brainproducts.org\/wp-content\/plugins\/master-slider\/public\/assets\/css\/blank.gif\" alt=\"\" title=\"\" data-src=\"https:\/\/brainproducts.org\/wp-content\/uploads\/Bild_2024-06-11_161921610.png\" \/>\n\n\n\t<div class=\"ms-thumb\" ><div class=\"ms-tab-context\"><div class=&quot;ms-tab-context&quot;><\/div><\/div>\n<\/div>\n\t\t\t\t<\/div>\n\t\t\t\t<div  class=\"ms-slide\" data-delay=\"3\" data-fill-mode=\"fill\"  >\n\t\t\t\t\t<img src=\"https:\/\/brainproducts.org\/wp-content\/plugins\/master-slider\/public\/assets\/css\/blank.gif\" alt=\"\" title=\"\" data-src=\"https:\/\/brainproducts.org\/wp-content\/uploads\/Bild_2024-06-02_124713742.png\" \/>\n\n\n\t<div class=\"ms-thumb\" ><div class=\"ms-tab-context\"><div class=&quot;ms-tab-context&quot;><\/div><\/div>\n<\/div>\n\t\t\t\t<\/div>\n\t\t\t\t<div  class=\"ms-slide\" data-delay=\"3\" data-fill-mode=\"fill\"  >\n\t\t\t\t\t<img src=\"https:\/\/brainproducts.org\/wp-content\/plugins\/master-slider\/public\/assets\/css\/blank.gif\" alt=\"\" title=\"\" data-src=\"https:\/\/brainproducts.org\/wp-content\/uploads\/Bild_2024-06-11_162014053.png\" \/>\n\n\n\t<div class=\"ms-thumb\" ><div class=\"ms-tab-context\"><div class=&quot;ms-tab-context&quot;><\/div><\/div>\n<\/div>\n\t\t\t\t<\/div>\n\t\t\t\t<div  class=\"ms-slide\" data-delay=\"3\" data-fill-mode=\"fill\"  >\n\t\t\t\t\t<img src=\"https:\/\/brainproducts.org\/wp-content\/plugins\/master-slider\/public\/assets\/css\/blank.gif\" alt=\"\" title=\"\" data-src=\"https:\/\/brainproducts.org\/wp-content\/uploads\/Bild_2024-06-11_162109402.png\" \/>\n\n\n\t<div class=\"ms-thumb\" ><div class=\"ms-tab-context\"><div class=&quot;ms-tab-context&quot;><\/div><\/div>\n<\/div>\n\t\t\t\t<\/div>\n\t\t\t\t<div  class=\"ms-slide\" data-delay=\"3\" data-fill-mode=\"fill\"  >\n\t\t\t\t\t<img src=\"https:\/\/brainproducts.org\/wp-content\/plugins\/master-slider\/public\/assets\/css\/blank.gif\" alt=\"\" title=\"\" data-src=\"https:\/\/brainproducts.org\/wp-content\/uploads\/Bild_2024-06-02_124713742.png\" \/>\n\n\n\t<div class=\"ms-thumb\" ><div class=\"ms-tab-context\"><div class=&quot;ms-tab-context&quot;><\/div><\/div>\n<\/div>\n\t\t\t\t<\/div>\n\n\t\t\t<\/div>\n\t\t\t<!-- END MasterSlider Main -->\n\n\t\t\t \n\t\t<\/div>\n\t\t<!-- END MasterSlider -->\n\n\t\t<script>\n\t\t(function ( $ ) {\n\t\t\t\"use strict\";\n\n\t\t\t$(function () {\n\t\t\t\tvar masterslider_4fdf = new MasterSlider();\n\n\t\t\t\t\/\/ slider controls\n\t\t\t\tmasterslider_4fdf.control('arrows'     ,{ autohide:true, overVideo:true  });\n\t\t\t\t\/\/ slider setup\n\t\t\t\tmasterslider_4fdf.setup(\"MS66686033a4fdf\", {\n\t\t\t\t\t\twidth           : 1000,\n\t\t\t\t\t\theight          : 620,\n\t\t\t\t\t\tminHeight       : 0,\n\t\t\t\t\t\tspace           : 0,\n\t\t\t\t\t\tstart           : 1,\n\t\t\t\t\t\tgrabCursor      : true,\n\t\t\t\t\t\tswipe           : true,\n\t\t\t\t\t\tmouse           : true,\n\t\t\t\t\t\tlayout          : \"boxed\",\n\t\t\t\t\t\twheel           : false,\n\t\t\t\t\t\tautoplay        : true,\n\t\t\t\t\t\tinstantStartLayers:false,\n\t\t\t\t\t\tloop            : true,\n\t\t\t\t\t\tshuffle         : false,\n\t\t\t\t\t\tpreload         : 0,\n\t\t\t\t\t\theightLimit     : true,\n\t\t\t\t\t\tautoHeight      : false,\n\t\t\t\t\t\tsmoothHeight    : true,\n\t\t\t\t\t\tendPause        : false,\n\t\t\t\t\t\toverPause       : false,\n\t\t\t\t\t\tfillMode        : \"fill\",\n\t\t\t\t\t\tcenterControls  : true,\n\t\t\t\t\t\tstartOnAppear   : false,\n\t\t\t\t\t\tlayersMode      : \"center\",\n\t\t\t\t\t\thideLayers      : false,\n\t\t\t\t\t\tfullscreenMargin: 0,\n\t\t\t\t\t\tspeed           : 20,\n\t\t\t\t\t\tdir             : \"h\",\n\t\t\t\t\t\tparallaxMode    : 'swipe',\n\t\t\t\t\t\tview            : \"fade\"\n\t\t\t\t});\n\n\t\t\t\t\n\t\t\t\twindow.masterslider_instances = window.masterslider_instances || [];\n\t\t\t\twindow.masterslider_instances.push( masterslider_4fdf );\n\t\t\t });\n\n\t\t})(jQuery);\n\t\t<\/script>\n\n\n\n\n\n<p><\/p>\n\n\n\n<p>&nbsp;<\/p>\n\n\n\n<p><\/p>\n\n\n\n<p>&nbsp;<\/p>\n\n\n\n<p><strong>Es ist uns wichtig Dienstleistungen abzugeben, mit denen Sie zufrieden sind. <br>Auf Wunsch gebe wir Ihnen gerne n\u00e4here Informationen \u00fcber <a href=\"https:\/\/brainproducts.org\/?page_id=69\">bereits realisierte Projekte<\/a>.<\/strong><\/p>\n\n\n\n<hr class=\"wp-block-separator has-alpha-channel-opacity\"\/>\n\n\n\n<p><a href=\"https:\/\/brainproducts.org\/?page_id=60\">Kontaktieren<\/a> Sie uns via E-Mail, wir beraten Sie gerne. ( <a title=\"Kontakt zu Brain Products \u00fcber die Webseite\" href=\"mailto:ORadel@BrainProducts.org\">ORadel@BrainProducts.org<\/a> )<\/p>\n\n\n<div class=\"wp-block-image\">\n<figure class=\"alignright size-full\"><img decoding=\"async\" loading=\"lazy\" width=\"250\" height=\"209\" src=\"http:\/\/brainproducts.org\/wp-content\/uploads\/Bil4Klei.jpg\" alt=\"\" class=\"wp-image-231\"\/><\/figure><\/div>\n\n\n<figure class=\"wp-block-image size-full is-resized\"><img decoding=\"async\" loading=\"lazy\" width=\"512\" height=\"512\" src=\"https:\/\/brainproducts.org\/wp-content\/uploads\/image-1.png\" alt=\"\" class=\"wp-image-538\" style=\"aspect-ratio:1;width:62px;height:auto\" srcset=\"https:\/\/brainproducts.org\/wp-content\/uploads\/image-1.png 512w, https:\/\/brainproducts.org\/wp-content\/uploads\/image-1-120x120.png 120w\" sizes=\"(max-width: 512px) 100vw, 512px\" \/><\/figure>\n","protected":false},"excerpt":{"rendered":"<p>Bearbeiten der Schablonen f\u00fcr XML Dateien mit 5 Hierachie-Ebenen und Daten Dieses Modul &#8218;XML Export&#8216; erm\u00f6glicht den Export von ACSII Text Dateien im XML Format in ein Exportverzeichnis des B\u00fcromat Deluxe. Hier kann eine beliebige Tabelle als Datenbasis angegeben werden. Hier k\u00f6nnen mehre Abfragen im Vorfeld ausgef\u00fchrt werden, die in eine oder mehrere zu exportierende Tabellen m\u00fcnden. XML Dateien sind&#8230;<br \/><a class=\"read-more-button\" href=\"https:\/\/brainproducts.org\/?page_id=511\">Mehr Lesen<\/a><\/p>\n","protected":false},"author":1,"featured_media":0,"parent":0,"menu_order":0,"comment_status":"closed","ping_status":"closed","template":"template-full-width.php","meta":{"footnotes":""},"_links":{"self":[{"href":"https:\/\/brainproducts.org\/index.php?rest_route=\/wp\/v2\/pages\/511"}],"collection":[{"href":"https:\/\/brainproducts.org\/index.php?rest_route=\/wp\/v2\/pages"}],"about":[{"href":"https:\/\/brainproducts.org\/index.php?rest_route=\/wp\/v2\/types\/page"}],"author":[{"embeddable":true,"href":"https:\/\/brainproducts.org\/index.php?rest_route=\/wp\/v2\/users\/1"}],"replies":[{"embeddable":true,"href":"https:\/\/brainproducts.org\/index.php?rest_route=%2Fwp%2Fv2%2Fcomments&post=511"}],"version-history":[{"count":5,"href":"https:\/\/brainproducts.org\/index.php?rest_route=\/wp\/v2\/pages\/511\/revisions"}],"predecessor-version":[{"id":920,"href":"https:\/\/brainproducts.org\/index.php?rest_route=\/wp\/v2\/pages\/511\/revisions\/920"}],"wp:attachment":[{"href":"https:\/\/brainproducts.org\/index.php?rest_route=%2Fwp%2Fv2%2Fmedia&parent=511"}],"curies":[{"name":"wp","href":"https:\/\/api.w.org\/{rel}","templated":true}]}}