{"id":54,"date":"2015-01-27T11:00:04","date_gmt":"2015-01-27T11:00:04","guid":{"rendered":"http:\/\/brainproducts.org\/?page_id=54"},"modified":"2024-06-12T04:30:52","modified_gmt":"2024-06-12T04:30:52","slug":"programmierung","status":"publish","type":"page","link":"https:\/\/brainproducts.org\/?page_id=54","title":{"rendered":"Programmierung"},"content":{"rendered":"\n<p><\/p>\n\n\n\n<h3 class=\"wp-block-heading\">Sie haben besondere W\u00fcnsche f\u00fcr Ihre neue Software?<\/h3>\n\n\n\n<p> &nbsp;<\/p>\n\n\n\n<p>Planen Sie neue <strong>Datenbankprojekte<\/strong>?<\/p>\n\n\n\n<p>K\u00f6nnen wir bei der Umsetzung von <strong>Modulen<\/strong>, <strong>Daten-Schnittstellen<\/strong> oder Anpassungen helfen?<\/p>\n\n\n\n<p>Wie kann man Ihren <strong>Workflow<\/strong> am einfachsten und benutzerfreundlichsten umsetzen? <\/p>\n\n\n\n<p>Wer darf in Ihrem Unternehmen welche Masken mit welchen Informationen bedienen?<\/p>\n\n\n\n<p><strong>Welche Schritte in Ihrem B\u00fcro kann man automatisieren?<\/strong><\/p>\n\n\n\n<p>Sie ben\u00f6tigen eine neue Klasse im Hintergrund oder ein neues Formular in Ihrem B\u00fcromat Projekt?<\/p>\n\n\n\n<p>&nbsp;<\/p>\n\n\n<div class=\"wp-block-image\">\n<figure class=\"alignleft is-resized\"><img decoding=\"async\" loading=\"lazy\" width=\"800\" height=\"517\" src=\"http:\/\/brainproducts.org\/wp-content\/uploads\/Startbild_2.jpg\" alt=\"\" class=\"wp-image-238\" style=\"aspect-ratio:1.5473887814313345;width:393px;height:auto\" srcset=\"https:\/\/brainproducts.org\/wp-content\/uploads\/Startbild_2.jpg 800w, https:\/\/brainproducts.org\/wp-content\/uploads\/Startbild_2-768x496.jpg 768w\" sizes=\"(max-width: 800px) 100vw, 800px\" \/><\/figure><\/div>\n\n\n<p>\u00a0 \u00a0<\/p>\n\n\n\n<p>Wir analysieren vor Beginn des Projektes, welche Funktionen aus Ihrer Sicht enthalten sein sollten und mit welchen Methoden und Werkzeugen Ihre W\u00fcnsche am Besten umzusetzen sind.<br>Durch die Analyse werden bestm\u00f6gliche Resultate durch die richtige Wahl erzielt, wie auch eine optimale Funktionalit\u00e4t des Projekts gew\u00e4hrleistet, ganz gleich ob Sie komplexe Konverter f\u00fcr Ihr Navision System, Projekt-Management Systeme, Datenbankl\u00f6sungen \u00fcber Webserver oder\u00a0\u00fcber mehrere Standorte Ihres Unternehmens erstellen wollen.<\/p>\n\n\n\n<p>\u00a0 \u00a0<\/p>\n\n\n\n<p>\u00a0 \u00a0<\/p>\n\n\n\n<p><strong>Gerne arbeiten wir mit Partnern aus unserem Netzwerk oder mit der hauseigenen EDV Abteilung als Team zusammen.<\/strong><\/p>\n\n\n\n<p>&nbsp; &nbsp;<\/p>\n\n\n\n<p>&nbsp; &nbsp;<\/p>\n\n\n\n<p><\/p>\n\n\n\n<div class=\"wp-block-columns is-layout-flex wp-container-2 wp-block-columns-is-layout-flex\">\n<div class=\"wp-block-column is-layout-flow wp-block-column-is-layout-flow\" style=\"flex-basis:100%\">\n<p>&nbsp; &nbsp;<\/p>\n<\/div>\n<\/div>\n\n\n\n<p><strong>Es ist uns wichtig Dienstleistungen abzugeben, mit denen Sie zufrieden sind. <br>Auf Wunsch gebe wir Ihnen gerne n\u00e4here Informationen \u00fcber <a href=\"https:\/\/brainproducts.org\/?page_id=69\">bereits realisierte Projekte<\/a>.<\/strong><\/p>\n\n\n\n<hr class=\"wp-block-separator has-alpha-channel-opacity\"\/>\n\n\n\n<p><strong><a href=\"https:\/\/brainproducts.org\/?page_id=60\">Kontaktieren<\/a> <\/strong>Sie uns via E-Mail, wir beraten Sie gerne. ( <a title=\"Kontakt zu Brain Products \u00fcber die Webseite\" href=\"mailto:ORadel@BrainProducts.org\">ORadel@BrainProducts.org<\/a> )<\/p>\n\n\n<div class=\"wp-block-image\">\n<figure class=\"alignright size-full\"><img decoding=\"async\" loading=\"lazy\" width=\"196\" height=\"219\" src=\"http:\/\/brainproducts.org\/wp-content\/uploads\/Uschu.jpg\" alt=\"\" class=\"wp-image-236\"\/><\/figure><\/div>\n\n\n<figure class=\"wp-block-image size-full is-resized\"><img decoding=\"async\" loading=\"lazy\" width=\"512\" height=\"512\" src=\"http:\/\/brainproducts.org\/wp-content\/uploads\/cropped-Bueromat-Deluxe-Logo-Entwicklung.png\" alt=\"\" class=\"wp-image-218\" style=\"aspect-ratio:1;width:80px;height:auto\" srcset=\"https:\/\/brainproducts.org\/wp-content\/uploads\/cropped-Bueromat-Deluxe-Logo-Entwicklung.png 512w, https:\/\/brainproducts.org\/wp-content\/uploads\/cropped-Bueromat-Deluxe-Logo-Entwicklung-120x120.png 120w, https:\/\/brainproducts.org\/wp-content\/uploads\/cropped-Bueromat-Deluxe-Logo-Entwicklung-270x270.png 270w, https:\/\/brainproducts.org\/wp-content\/uploads\/cropped-Bueromat-Deluxe-Logo-Entwicklung-192x192.png 192w, https:\/\/brainproducts.org\/wp-content\/uploads\/cropped-Bueromat-Deluxe-Logo-Entwicklung-180x180.png 180w, https:\/\/brainproducts.org\/wp-content\/uploads\/cropped-Bueromat-Deluxe-Logo-Entwicklung-32x32.png 32w\" sizes=\"(max-width: 512px) 100vw, 512px\" \/><\/figure>\n","protected":false},"excerpt":{"rendered":"<p>Sie haben besondere W\u00fcnsche f\u00fcr Ihre neue Software? &nbsp; Planen Sie neue Datenbankprojekte? K\u00f6nnen wir bei der Umsetzung von Modulen, Daten-Schnittstellen oder Anpassungen helfen? Wie kann man Ihren Workflow am einfachsten und benutzerfreundlichsten umsetzen? Wer darf in Ihrem Unternehmen welche Masken mit welchen Informationen bedienen? Welche Schritte in Ihrem B\u00fcro kann man automatisieren? Sie ben\u00f6tigen eine neue Klasse im Hintergrund&#8230;<br \/><a class=\"read-more-button\" href=\"https:\/\/brainproducts.org\/?page_id=54\">Mehr Lesen<\/a><\/p>\n","protected":false},"author":1,"featured_media":0,"parent":0,"menu_order":1,"comment_status":"closed","ping_status":"closed","template":"template-full-width.php","meta":{"footnotes":""},"_links":{"self":[{"href":"https:\/\/brainproducts.org\/index.php?rest_route=\/wp\/v2\/pages\/54"}],"collection":[{"href":"https:\/\/brainproducts.org\/index.php?rest_route=\/wp\/v2\/pages"}],"about":[{"href":"https:\/\/brainproducts.org\/index.php?rest_route=\/wp\/v2\/types\/page"}],"author":[{"embeddable":true,"href":"https:\/\/brainproducts.org\/index.php?rest_route=\/wp\/v2\/users\/1"}],"replies":[{"embeddable":true,"href":"https:\/\/brainproducts.org\/index.php?rest_route=%2Fwp%2Fv2%2Fcomments&post=54"}],"version-history":[{"count":26,"href":"https:\/\/brainproducts.org\/index.php?rest_route=\/wp\/v2\/pages\/54\/revisions"}],"predecessor-version":[{"id":821,"href":"https:\/\/brainproducts.org\/index.php?rest_route=\/wp\/v2\/pages\/54\/revisions\/821"}],"wp:attachment":[{"href":"https:\/\/brainproducts.org\/index.php?rest_route=%2Fwp%2Fv2%2Fmedia&parent=54"}],"curies":[{"name":"wp","href":"https:\/\/api.w.org\/{rel}","templated":true}]}}