{"id":69,"date":"2015-01-27T14:32:07","date_gmt":"2015-01-27T14:32:07","guid":{"rendered":"http:\/\/brainproducts.org\/?page_id=69"},"modified":"2024-06-12T04:35:08","modified_gmt":"2024-06-12T04:35:08","slug":"referenzen","status":"publish","type":"page","link":"https:\/\/brainproducts.org\/?page_id=69","title":{"rendered":"Referenzen"},"content":{"rendered":"<div class=\"wp-block-image\">\n<figure class=\"alignright size-full is-resized\"><img decoding=\"async\" loading=\"lazy\" width=\"256\" height=\"256\" src=\"http:\/\/brainproducts.org\/wp-content\/uploads\/Bueromat-Deluxe-Logo-Entwicklung.png\" alt=\"\" class=\"wp-image-178\" style=\"aspect-ratio:1;width:65px;height:auto\" srcset=\"https:\/\/brainproducts.org\/wp-content\/uploads\/Bueromat-Deluxe-Logo-Entwicklung.png 256w, https:\/\/brainproducts.org\/wp-content\/uploads\/Bueromat-Deluxe-Logo-Entwicklung-120x120.png 120w\" sizes=\"(max-width: 256px) 100vw, 256px\" \/><\/figure><\/div>\n\n\n<h2 class=\"wp-block-heading\">Referenzen B\u00fcromat Deluxe-Projekte      <\/h2>\n\n\n\n<p>&nbsp;&nbsp;&nbsp;&nbsp;&nbsp;&nbsp;&nbsp;&nbsp;&nbsp;&nbsp;    <\/p>\n\n\n<div class=\"wp-block-image\">\n<figure class=\"alignright size-full is-resized\"><img decoding=\"async\" loading=\"lazy\" width=\"370\" height=\"88\" src=\"http:\/\/brainproducts.org\/wp-content\/uploads\/Bild_2024-05-31_123032518.png\" alt=\"\" class=\"wp-image-428\" style=\"aspect-ratio:4.204545454545454;width:202px;height:auto\"\/><\/figure><\/div>\n\n\n<h3 class=\"wp-block-heading\">&nbsp;&nbsp;&nbsp;&nbsp;&nbsp;&nbsp;Frischdienst Hirschburger <strong>GmbH<\/strong><br>&nbsp;&nbsp;&nbsp;&nbsp;&nbsp;&nbsp;&nbsp;&nbsp;&nbsp;&nbsp;&nbsp;&nbsp;<strong>Kirchentellinsfurt    <\/strong><\/h3>\n\n\n\n<h4 class=\"wp-block-heading\">&nbsp;&nbsp;&nbsp;&nbsp;&nbsp;&nbsp;&nbsp;&nbsp;&nbsp;&nbsp;&nbsp;&nbsp;&nbsp;&nbsp;Module: <strong>EDI, CSV Import &amp; Excel, CSV, XML, EDI Export<\/strong><\/h4>\n\n\n<div class=\"wp-block-image\">\n<figure class=\"alignright size-full is-resized\"><img decoding=\"async\" loading=\"lazy\" width=\"238\" height=\"178\" src=\"http:\/\/brainproducts.org\/wp-content\/uploads\/Bosch.jpg\" alt=\"\" class=\"wp-image-429\" style=\"aspect-ratio:1.3370786516853932;width:141px;height:auto\"\/><\/figure><\/div>\n\n\n<h3 class=\"wp-block-heading\">&nbsp;&nbsp;&nbsp;&nbsp;&nbsp;&nbsp;Robert Bosch <strong>Fahrzeugtechnik GmbH<\/strong>  <br>&nbsp;&nbsp;&nbsp;&nbsp;&nbsp;&nbsp;&nbsp;&nbsp;&nbsp;&nbsp;&nbsp;&nbsp;<strong>Werk Eisenach<\/strong><\/h3>\n\n\n\n<h4 class=\"wp-block-heading\">&nbsp;&nbsp;&nbsp;&nbsp;&nbsp;&nbsp;&nbsp;&nbsp;&nbsp;&nbsp;&nbsp;&nbsp;&nbsp;Module: <strong>Excel Import &amp; DFQ Export<\/strong> <br>&nbsp;&nbsp;&nbsp;&nbsp;&nbsp;&nbsp;&nbsp;&nbsp;&nbsp;&nbsp;&nbsp;&nbsp;&nbsp;&nbsp;&nbsp;&nbsp;&nbsp;&nbsp;&nbsp;&nbsp;&nbsp;&nbsp;&nbsp;&nbsp;&nbsp;&nbsp;&nbsp;&nbsp;(DFQ = Standard Archivierungsformat bei Bosch)<\/h4>\n\n\n\n<p>&nbsp;&nbsp;&nbsp;&nbsp;&nbsp;&nbsp;&nbsp;&nbsp;&nbsp;&nbsp;&nbsp;&nbsp;&nbsp;&nbsp;&nbsp;&nbsp;&nbsp;&nbsp;<\/p>\n\n\n\n<p><\/p>\n\n\n\n<p><\/p>\n\n\n<div class=\"wp-block-image\">\n<figure class=\"alignright size-full is-resized\"><img decoding=\"async\" loading=\"lazy\" width=\"474\" height=\"355\" src=\"http:\/\/brainproducts.org\/wp-content\/uploads\/Porsche.jpg\" alt=\"\" class=\"wp-image-439\" style=\"aspect-ratio:1.3352112676056338;width:140px;height:auto\"\/><\/figure><\/div>\n\n\n<h2 class=\"wp-block-heading\">Referenzen B\u00fcromat Deluxe Schnittstellen <br><strong>zu angebundenen Unternehmen<\/strong><\/h2>\n\n\n<div class=\"wp-block-image\">\n<figure class=\"alignright size-full is-resized\"><img decoding=\"async\" loading=\"lazy\" width=\"474\" height=\"355\" src=\"http:\/\/brainproducts.org\/wp-content\/uploads\/CocaCola.jpg\" alt=\"\" class=\"wp-image-431\" style=\"aspect-ratio:1.3352112676056338;width:124px;height:auto\"\/><\/figure><\/div>\n\n\n<h3 class=\"wp-block-heading\">&nbsp;&nbsp;&nbsp;&nbsp;&nbsp;&nbsp;Porsche <strong>(CSV Artikelstamm, EDI Rechnung)<\/strong> <\/h3>\n\n\n\n<h3 class=\"wp-block-heading\">&nbsp;&nbsp;&nbsp;&nbsp;&nbsp;&nbsp;Coca Cola <strong>(CSV Absatzdaten)<\/strong><\/h3>\n\n\n\n<h3 class=\"wp-block-heading\">&nbsp;&nbsp;&nbsp;&nbsp;&nbsp;&nbsp;Daimler Truck <strong>(EDI Artikelstamm, EDI Rechnung)<\/strong><\/h3>\n\n\n<div class=\"wp-block-image\">\n<figure class=\"alignright size-full is-resized\"><img decoding=\"async\" loading=\"lazy\" width=\"474\" height=\"355\" src=\"http:\/\/brainproducts.org\/wp-content\/uploads\/Hogast.jpg\" alt=\"\" class=\"wp-image-435\" style=\"aspect-ratio:1.3352112676056338;width:124px;height:auto\"\/><\/figure><\/div>\n\n\n<h3 class=\"wp-block-heading\">&nbsp;&nbsp;&nbsp;&nbsp;&nbsp;&nbsp;B\u00c4KO  <strong>(CSV Rechnung)<\/strong>   <\/h3>\n\n\n<div class=\"wp-block-image\">\n<figure class=\"alignright size-full is-resized\"><img decoding=\"async\" loading=\"lazy\" width=\"474\" height=\"355\" src=\"http:\/\/brainproducts.org\/wp-content\/uploads\/Baeko.jpg\" alt=\"\" class=\"wp-image-430\" style=\"aspect-ratio:1.3352112676056338;width:134px;height:auto\"\/><\/figure><\/div>\n\n<div class=\"wp-block-image\">\n<figure class=\"alignright size-full is-resized\"><img decoding=\"async\" loading=\"lazy\" width=\"474\" height=\"355\" src=\"http:\/\/brainproducts.org\/wp-content\/uploads\/Hgk.jpg\" alt=\"\" class=\"wp-image-434\" style=\"aspect-ratio:1.3352112676056338;width:102px;height:auto\"\/><\/figure><\/div>\n\n\n<h3 class=\"wp-block-heading\">&nbsp;&nbsp;&nbsp;&nbsp;&nbsp;&nbsp;HGK <strong>(CSV Rechnung)<\/strong><\/h3>\n\n\n<div class=\"wp-block-image\">\n<figure class=\"alignright size-full is-resized\"><img decoding=\"async\" loading=\"lazy\" width=\"474\" height=\"355\" src=\"http:\/\/brainproducts.org\/wp-content\/uploads\/Daimler.jpg\" alt=\"\" class=\"wp-image-433\" style=\"aspect-ratio:1.3352112676056338;width:142px;height:auto\"\/><\/figure><\/div>\n\n\n<h3 class=\"wp-block-heading\">&nbsp;&nbsp;&nbsp;&nbsp;&nbsp;&nbsp;Hogast <strong>(EDI REchnung)<\/strong><\/h3>\n\n\n\n<h3 class=\"wp-block-heading\">&nbsp;&nbsp;&nbsp;&nbsp;&nbsp;&nbsp;Hugo Boss <br>&nbsp;&nbsp;&nbsp;&nbsp;&nbsp;&nbsp;<strong>(CSV Preise, CSV Artikelstamm)<\/strong><\/h3>\n\n\n<div class=\"wp-block-image\">\n<figure class=\"alignright size-full is-resized\"><img decoding=\"async\" loading=\"lazy\" width=\"474\" height=\"355\" src=\"http:\/\/brainproducts.org\/wp-content\/uploads\/Keyence.jpg\" alt=\"\" class=\"wp-image-437\" style=\"aspect-ratio:1.3352112676056338;width:98px;height:auto\"\/><\/figure><\/div>\n\n\n<h3 class=\"wp-block-heading\">&nbsp;&nbsp;&nbsp;&nbsp;&nbsp;&nbsp;Keyence <strong>(Excel Import)<\/strong><\/h3>\n\n\n<div class=\"wp-block-image\">\n<figure class=\"alignright size-full is-resized\"><img decoding=\"async\" loading=\"lazy\" width=\"580\" height=\"326\" src=\"http:\/\/brainproducts.org\/wp-content\/uploads\/Bild_2024-05-31_130037716.png\" alt=\"\" class=\"wp-image-465\" style=\"aspect-ratio:1.7791411042944785;width:128px;height:auto\"\/><\/figure><\/div>\n\n<div class=\"wp-block-image\">\n<figure class=\"alignright size-full is-resized\"><img decoding=\"async\" loading=\"lazy\" width=\"222\" height=\"153\" src=\"http:\/\/brainproducts.org\/wp-content\/uploads\/Bild_2024-05-31_132042005.png\" alt=\"\" class=\"wp-image-468\" style=\"aspect-ratio:1.4509803921568627;width:68px;height:auto\"\/><\/figure><\/div>\n\n\n<h3 class=\"wp-block-heading\">&nbsp;&nbsp;&nbsp;&nbsp;&nbsp;&nbsp;Pixelink  <strong>(CSV Webseiten Bef\u00fcllung)<\/strong><\/h3>\n\n\n\n<h3 class=\"wp-block-heading\">&nbsp;&nbsp;&nbsp;&nbsp;&nbsp;&nbsp;COMO <strong>(XML Rechnung, XML Artikelstamm<\/strong>)<br>&nbsp;&nbsp;&nbsp;&nbsp;&nbsp;&nbsp;(COMO = CentraleOrganisation&nbsp;Molkereiprodukte)<\/h3>\n\n\n<div class=\"wp-block-image\">\n<figure class=\"alignright size-full is-resized\"><img decoding=\"async\" loading=\"lazy\" width=\"320\" height=\"320\" src=\"http:\/\/brainproducts.org\/wp-content\/uploads\/Pixelink.jpg\" alt=\"\" class=\"wp-image-438\" style=\"aspect-ratio:1;width:91px;height:auto\" srcset=\"https:\/\/brainproducts.org\/wp-content\/uploads\/Pixelink.jpg 320w, https:\/\/brainproducts.org\/wp-content\/uploads\/Pixelink-120x120.jpg 120w\" sizes=\"(max-width: 320px) 100vw, 320px\" \/><\/figure><\/div>\n\n<div class=\"wp-block-image\">\n<figure class=\"alignright size-full is-resized\"><img decoding=\"async\" loading=\"lazy\" width=\"330\" height=\"330\" src=\"http:\/\/brainproducts.org\/wp-content\/uploads\/Zeiss.jpg\" alt=\"\" class=\"wp-image-445\" style=\"aspect-ratio:1;width:128px;height:auto\" srcset=\"https:\/\/brainproducts.org\/wp-content\/uploads\/Zeiss.jpg 330w, https:\/\/brainproducts.org\/wp-content\/uploads\/Zeiss-120x120.jpg 120w\" sizes=\"(max-width: 330px) 100vw, 330px\" \/><\/figure><\/div>\n\n\n<h3 class=\"wp-block-heading\">&nbsp;&nbsp;&nbsp;&nbsp;&nbsp;&nbsp;Wasner, HWGastro und Landlust  <br>&nbsp;&nbsp;&nbsp;&nbsp;&nbsp;&nbsp;<strong>(CSV Artikelstamm, CSV Lieferscheine)<\/strong><\/h3>\n\n\n<div class=\"wp-block-image\">\n<figure class=\"alignright size-full is-resized\"><img decoding=\"async\" loading=\"lazy\" width=\"400\" height=\"400\" src=\"http:\/\/brainproducts.org\/wp-content\/uploads\/Wasner.jpg\" alt=\"\" class=\"wp-image-444\" style=\"aspect-ratio:1;width:121px;height:auto\" srcset=\"https:\/\/brainproducts.org\/wp-content\/uploads\/Wasner.jpg 400w, https:\/\/brainproducts.org\/wp-content\/uploads\/Wasner-120x120.jpg 120w\" sizes=\"(max-width: 400px) 100vw, 400px\" \/><\/figure><\/div>\n\n\n<p>&nbsp;&nbsp;&nbsp;&nbsp;&nbsp;&nbsp;<\/p>\n\n\n\n<p>&nbsp;&nbsp;&nbsp;&nbsp;&nbsp;&nbsp;<\/p>\n\n\n\n<p><\/p>\n\n\n\n<h2 class=\"wp-block-heading\">Referenzen IT-Projekte<\/h2>\n\n\n\n<p><strong>Script- und Softwareentwicklung<\/strong> f\u00fcr Client Serversysteme bei der <strong>WestLB Systems<\/strong>, D\u00fcsseldorf<br>Consulting und Einrichtung eines <strong>Projektmanagementsystems<\/strong> und Unterst\u00fctzung beim Zeitmanagement bei <strong>Wanfried Druck Kalden<\/strong> <strong>GmbH<\/strong>, Wanfried<br><strong>Excel VBA Automatisierung<\/strong> f\u00fcr Management Summaries bei der <strong>LIDL GmbH<\/strong> &amp; Co.KG, Ederm\u00fcnde<br><strong>Import- und Exportkonverter<\/strong> f\u00fcr XML und CSV bei <strong>Frischdienst Hirschburger GmbH<\/strong>, Kirchentellinsfurt<br><strong>Exportkonverter<\/strong> f\u00fcr XML und CSV bei <strong>Utz GmbH<\/strong> &amp; Co.KG, Ochsenhausen<br><strong>Exportkonverter<\/strong> f\u00fcr XML bei der <strong>COMO <\/strong>(Centrale Organisation Molkereiprodukte), Wiesbaden<br>Beratung der <strong>Gemeinde Herleshausen<\/strong> in Netzwerkfragen und Content Management System<br>Beratung bei der Einrichtung eines <strong>Projektmanagement<\/strong> Systems mit MS Projekt f\u00fcr sartorius stedium biotech, Melsungen<br><strong>Consulting<\/strong>, Planung, Managementaufgaben und Softwareentwicklung f\u00fcr die CC CompuNet, Essen<\/p>\n\n\n\n<p><strong>Netzwerkplanung<\/strong> Windows NT und <strong>Rollout Manager<\/strong> bei der WestLB, D\u00fcsseldorf<br><\/p>\n\n\n\n<p>Hinzu kommt eine Ver\u00f6ffentlichung in der Fachzeitschrift &#8222;Erfolgreiches Programmieren mit komfortablen Musterl\u00f6sungen in C&#8220;.<\/p>\n\n\n\n<p><\/p>\n\n\n\n<h2 class=\"wp-block-heading\">Referenzen Schulungen &#8211; bisherige Partner<\/h2>\n\n\n\n<p>GENIUS EDUCATION GmbH, Kassel<br>SIGNET Gesellschaft f\u00fcr Innovation und Bildung mbH, Kassel<br>alphaBit, Wiesbaden<br>Sprache und Bildung, M\u00fchlhausen, Kassel<br>ComIT, Essen, Dortmund, D\u00fcsseldorf<br>Traicon, D\u00fcsseldorf<br>Teachware, D\u00fcsseldorf<br>Vogel und Partner, Ditzingen<br>Go! Training, K\u00f6ln<\/p>\n\n\n\n<p><\/p>\n\n\n\n<p><\/p>\n\n\n\n<p><\/p>\n\n\n\n<div class=\"wp-block-columns is-layout-flex wp-container-2 wp-block-columns-is-layout-flex\">\n<div class=\"wp-block-column is-layout-flow wp-block-column-is-layout-flow\" style=\"flex-basis:100%\">\n<p>&nbsp;<\/p>\n<\/div>\n<\/div>\n\n\n\n<p><strong>Es ist uns wichtig Dienstleistungen abzugeben, mit denen Sie zufrieden sind.<\/strong><\/p>\n\n\n\n<hr class=\"wp-block-separator has-alpha-channel-opacity\"\/>\n\n\n\n<p><a href=\"https:\/\/brainproducts.org\/?page_id=60\">Kontaktieren<\/a> Sie uns via E-Mail, wir beraten Sie gerne. ( <a title=\"Kontakt zu Brain Products \u00fcber die Webseite\" href=\"mailto:ORadel@BrainProducts.org\">ORadel@BrainProducts.org<\/a> )<\/p>\n\n\n<div class=\"wp-block-image\">\n<figure class=\"alignright size-full\"><img decoding=\"async\" loading=\"lazy\" width=\"193\" height=\"283\" src=\"http:\/\/brainproducts.org\/wp-content\/uploads\/ITcons.jpg\" alt=\"\" class=\"wp-image-234\"\/><\/figure><\/div>\n\n\n<figure class=\"wp-block-image size-full is-resized\"><img decoding=\"async\" loading=\"lazy\" width=\"512\" height=\"512\" src=\"http:\/\/brainproducts.org\/wp-content\/uploads\/cropped-Bueromat-Deluxe-Logo-Entwicklung.png\" alt=\"\" class=\"wp-image-218\" style=\"aspect-ratio:1;width:80px;height:auto\" srcset=\"https:\/\/brainproducts.org\/wp-content\/uploads\/cropped-Bueromat-Deluxe-Logo-Entwicklung.png 512w, https:\/\/brainproducts.org\/wp-content\/uploads\/cropped-Bueromat-Deluxe-Logo-Entwicklung-120x120.png 120w, https:\/\/brainproducts.org\/wp-content\/uploads\/cropped-Bueromat-Deluxe-Logo-Entwicklung-270x270.png 270w, https:\/\/brainproducts.org\/wp-content\/uploads\/cropped-Bueromat-Deluxe-Logo-Entwicklung-192x192.png 192w, https:\/\/brainproducts.org\/wp-content\/uploads\/cropped-Bueromat-Deluxe-Logo-Entwicklung-180x180.png 180w, https:\/\/brainproducts.org\/wp-content\/uploads\/cropped-Bueromat-Deluxe-Logo-Entwicklung-32x32.png 32w\" sizes=\"(max-width: 512px) 100vw, 512px\" \/><\/figure>\n","protected":false},"excerpt":{"rendered":"<p>Referenzen B\u00fcromat Deluxe-Projekte &nbsp;&nbsp;&nbsp;&nbsp;&nbsp;&nbsp;&nbsp;&nbsp;&nbsp;&nbsp; &nbsp;&nbsp;&nbsp;&nbsp;&nbsp;&nbsp;Frischdienst Hirschburger GmbH&nbsp;&nbsp;&nbsp;&nbsp;&nbsp;&nbsp;&nbsp;&nbsp;&nbsp;&nbsp;&nbsp;&nbsp;Kirchentellinsfurt &nbsp;&nbsp;&nbsp;&nbsp;&nbsp;&nbsp;&nbsp;&nbsp;&nbsp;&nbsp;&nbsp;&nbsp;&nbsp;&nbsp;Module: EDI, CSV Import &amp; Excel, CSV, XML, EDI Export &nbsp;&nbsp;&nbsp;&nbsp;&nbsp;&nbsp;Robert Bosch Fahrzeugtechnik GmbH &nbsp;&nbsp;&nbsp;&nbsp;&nbsp;&nbsp;&nbsp;&nbsp;&nbsp;&nbsp;&nbsp;&nbsp;Werk Eisenach &nbsp;&nbsp;&nbsp;&nbsp;&nbsp;&nbsp;&nbsp;&nbsp;&nbsp;&nbsp;&nbsp;&nbsp;&nbsp;Module: Excel Import &amp; DFQ Export &nbsp;&nbsp;&nbsp;&nbsp;&nbsp;&nbsp;&nbsp;&nbsp;&nbsp;&nbsp;&nbsp;&nbsp;&nbsp;&nbsp;&nbsp;&nbsp;&nbsp;&nbsp;&nbsp;&nbsp;&nbsp;&nbsp;&nbsp;&nbsp;&nbsp;&nbsp;&nbsp;&nbsp;(DFQ = Standard Archivierungsformat bei Bosch) &nbsp;&nbsp;&nbsp;&nbsp;&nbsp;&nbsp;&nbsp;&nbsp;&nbsp;&nbsp;&nbsp;&nbsp;&nbsp;&nbsp;&nbsp;&nbsp;&nbsp;&nbsp; Referenzen B\u00fcromat Deluxe Schnittstellen zu angebundenen Unternehmen &nbsp;&nbsp;&nbsp;&nbsp;&nbsp;&nbsp;Porsche (CSV Artikelstamm, EDI Rechnung) &nbsp;&nbsp;&nbsp;&nbsp;&nbsp;&nbsp;Coca Cola (CSV Absatzdaten) &nbsp;&nbsp;&nbsp;&nbsp;&nbsp;&nbsp;Daimler Truck (EDI Artikelstamm, EDI Rechnung) &nbsp;&nbsp;&nbsp;&nbsp;&nbsp;&nbsp;B\u00c4KO (CSV&#8230;<br \/><a class=\"read-more-button\" href=\"https:\/\/brainproducts.org\/?page_id=69\">Mehr Lesen<\/a><\/p>\n","protected":false},"author":1,"featured_media":0,"parent":0,"menu_order":5,"comment_status":"closed","ping_status":"closed","template":"template-full-width.php","meta":{"footnotes":""},"_links":{"self":[{"href":"https:\/\/brainproducts.org\/index.php?rest_route=\/wp\/v2\/pages\/69"}],"collection":[{"href":"https:\/\/brainproducts.org\/index.php?rest_route=\/wp\/v2\/pages"}],"about":[{"href":"https:\/\/brainproducts.org\/index.php?rest_route=\/wp\/v2\/types\/page"}],"author":[{"embeddable":true,"href":"https:\/\/brainproducts.org\/index.php?rest_route=\/wp\/v2\/users\/1"}],"replies":[{"embeddable":true,"href":"https:\/\/brainproducts.org\/index.php?rest_route=%2Fwp%2Fv2%2Fcomments&post=69"}],"version-history":[{"count":39,"href":"https:\/\/brainproducts.org\/index.php?rest_route=\/wp\/v2\/pages\/69\/revisions"}],"predecessor-version":[{"id":825,"href":"https:\/\/brainproducts.org\/index.php?rest_route=\/wp\/v2\/pages\/69\/revisions\/825"}],"wp:attachment":[{"href":"https:\/\/brainproducts.org\/index.php?rest_route=%2Fwp%2Fv2%2Fmedia&parent=69"}],"curies":[{"name":"wp","href":"https:\/\/api.w.org\/{rel}","templated":true}]}}