{"id":754,"date":"2024-06-08T12:08:52","date_gmt":"2024-06-08T12:08:52","guid":{"rendered":"https:\/\/brainproducts.org\/?page_id=754"},"modified":"2024-06-08T13:14:02","modified_gmt":"2024-06-08T13:14:02","slug":"automatismus","status":"publish","type":"page","link":"https:\/\/brainproducts.org\/?page_id=754","title":{"rendered":"Automatismus"},"content":{"rendered":"\n<p><\/p>\n\n\n\n<h3 class=\"wp-block-heading\">Modul zum automatischen Start von Export-, Import- oder anderen Jobs<\/h3>\n\n\n\n<p>Dieses Modul &#8218;Automatismus&#8216; erm\u00f6glicht den automatischen <a href=\"https:\/\/brainproducts.org\/?page_id=504\">Export <\/a>oder <a href=\"https:\/\/brainproducts.org\/?page_id=730\">Import <\/a>von Dateien. Das Verhalten der Exporte oder Importe ist in den jeweiligen Schablonen definiert. (Siehe unter Export <a href=\"https:\/\/brainproducts.org\/?page_id=517\">CSV<\/a>, <a href=\"https:\/\/brainproducts.org\/?page_id=514\">EDI<\/a>, <a href=\"https:\/\/brainproducts.org\/?page_id=508\">Excel<\/a>, <a href=\"https:\/\/brainproducts.org\/?page_id=511\">XML <\/a>oder Import Excel CSV oder EDI) Im B\u00fcromat heisst das <strong>Schablone<\/strong>, da hier festgelegt wird, wie die  ver\u00e4nderlichen Daten exakt aussehen sollen. (Dateiname, \u00fcbertragene Felder, etc.)<\/p>\n\n\n\n<p>Zus\u00e4tzlich k\u00f6nnen in den <strong>Automatismus Optionen<\/strong> die einzelnen <strong>Jobs <\/strong>konfiguriert werden. Dies k\u00f6nnen auch <strong>FTP LAN Transfer Jobs <\/strong>oder <strong>Tabellen Transfer Jobs sein.<\/strong> <\/p>\n\n\n\n<p>Au\u00dferdem bieten anw\u00e4hlbare <strong>System Funktionen<\/strong> die M\u00f6glichkeit die internen <strong>Backup Funktionalit\u00e4ten<\/strong> oder auch interne <strong>Updatepr\u00fcfungen <\/strong>auf einem Lan- oder Webserver zu bestimmten Zeitpunkten durchzuf\u00fchren.<\/p>\n\n\n\n<p>Alle Jobs k\u00f6nnen zu <strong>jedem beliebigem Zeitpunkt voll automatisch erledigt und das Ergebnis verschickt verschickt werden.<\/strong> In den Automatismus Optionen kann auch der Zyklus der Wiederholung des Jobs konfiguriert werden. (alle 10 min, st\u00fcndlich, t\u00e4glich, w\u00f6chentlich, etc..)<\/p>\n\n\n\n<p>Es k\u00f6nnen Pr\u00fcfroutinen f\u00fcr die Qualit\u00e4t bestimmter Export Daten, oder auch Daten auf einem Live Server wiederkehrend abgefragt werden. Das Pr\u00fcfergebnis k\u00f6nnte zum Besipiel als Email verschickt werden.<\/p>\n\n\n\n<p>Schl\u00e4gt ein automatischer Export fehl, hat eventuell keine Daten oder besitzt leere Felder, die aber bef\u00fcllt sein d\u00fcrfen, entsteht ein Fehler. \u00dcber diesen Fehler werden dann die Email Adressen aus der <strong>Cockpit Konfiguration<\/strong> benachrichtigt. Das Export oder Import Protokoll kann dann im Fehlerfalle mitgeschickt werden.<\/p>\n\n\n\n<p> &nbsp;<\/p>\n\n\n\n\n\t\t<!-- MasterSlider -->\n\t\t<div id=\"P_MS666453024e94c\" class=\"master-slider-parent msl ms-parent-id-8\" style=\"max-width:1000px;\">\n\n\t\t\t\n\t\t\t<!-- MasterSlider Main -->\n\t\t\t<div id=\"MS666453024e94c\" class=\"master-slider ms-skin-light-3\" >\n\t\t\t\t \t\t\t\t \n\t\t\t\t<div  class=\"ms-slide\" data-delay=\"3\" data-fill-mode=\"fill\"  >\n\t\t\t\t\t<img src=\"https:\/\/brainproducts.org\/wp-content\/plugins\/master-slider\/public\/assets\/css\/blank.gif\" alt=\"\" title=\"\" data-src=\"https:\/\/brainproducts.org\/wp-content\/uploads\/Bild_2024-06-08_144520692.png\" \/>\n\n\n\t<div class=\"ms-thumb\" ><div class=\"ms-tab-context\"><div class=&quot;ms-tab-context&quot;><\/div><\/div>\n<\/div>\n\t\t\t\t<\/div>\n\t\t\t\t<div  class=\"ms-slide\" data-delay=\"3\" data-fill-mode=\"fill\"  >\n\t\t\t\t\t<img src=\"https:\/\/brainproducts.org\/wp-content\/plugins\/master-slider\/public\/assets\/css\/blank.gif\" alt=\"\" title=\"\" data-src=\"https:\/\/brainproducts.org\/wp-content\/uploads\/Bild_2024-06-08_144530699.png\" \/>\n\n\n\t<div class=\"ms-thumb\" ><div class=\"ms-tab-context\"><div class=&quot;ms-tab-context&quot;><\/div><\/div>\n<\/div>\n\t\t\t\t<\/div>\n\t\t\t\t<div  class=\"ms-slide\" data-delay=\"3\" data-fill-mode=\"fill\"  >\n\t\t\t\t\t<img src=\"https:\/\/brainproducts.org\/wp-content\/plugins\/master-slider\/public\/assets\/css\/blank.gif\" alt=\"\" title=\"\" data-src=\"https:\/\/brainproducts.org\/wp-content\/uploads\/Bild_2024-06-08_144537926.png\" \/>\n\n\n\t<div class=\"ms-thumb\" ><div class=\"ms-tab-context\"><div class=&quot;ms-tab-context&quot;><\/div><\/div>\n<\/div>\n\t\t\t\t<\/div>\n\t\t\t\t<div  class=\"ms-slide\" data-delay=\"3\" data-fill-mode=\"fill\"  >\n\t\t\t\t\t<img src=\"https:\/\/brainproducts.org\/wp-content\/plugins\/master-slider\/public\/assets\/css\/blank.gif\" alt=\"\" title=\"\" data-src=\"https:\/\/brainproducts.org\/wp-content\/uploads\/Bild_2024-06-08_144544083.png\" \/>\n\n\n\t<div class=\"ms-thumb\" ><div class=\"ms-tab-context\"><div class=&quot;ms-tab-context&quot;><\/div><\/div>\n<\/div>\n\t\t\t\t<\/div>\n\t\t\t\t<div  class=\"ms-slide\" data-delay=\"3\" data-fill-mode=\"fill\"  >\n\t\t\t\t\t<img src=\"https:\/\/brainproducts.org\/wp-content\/plugins\/master-slider\/public\/assets\/css\/blank.gif\" alt=\"\" title=\"\" data-src=\"https:\/\/brainproducts.org\/wp-content\/uploads\/Bild_2024-06-08_144551067.png\" \/>\n\n\n\t<div class=\"ms-thumb\" ><div class=\"ms-tab-context\"><div class=&quot;ms-tab-context&quot;><\/div><\/div>\n<\/div>\n\t\t\t\t<\/div>\n\t\t\t\t<div  class=\"ms-slide\" data-delay=\"3\" data-fill-mode=\"fill\"  >\n\t\t\t\t\t<img src=\"https:\/\/brainproducts.org\/wp-content\/plugins\/master-slider\/public\/assets\/css\/blank.gif\" alt=\"\" title=\"\" data-src=\"https:\/\/brainproducts.org\/wp-content\/uploads\/Bild_2024-06-08_144556663.png\" \/>\n\n\n\t<div class=\"ms-thumb\" ><div class=\"ms-tab-context\"><div class=&quot;ms-tab-context&quot;><\/div><\/div>\n<\/div>\n\t\t\t\t<\/div>\n\t\t\t\t<div  class=\"ms-slide\" data-delay=\"3\" data-fill-mode=\"fill\"  >\n\t\t\t\t\t<img src=\"https:\/\/brainproducts.org\/wp-content\/plugins\/master-slider\/public\/assets\/css\/blank.gif\" alt=\"\" title=\"\" data-src=\"https:\/\/brainproducts.org\/wp-content\/uploads\/Bild_2024-06-08_144615942.png\" \/>\n\n\n\t<div class=\"ms-thumb\" ><div class=\"ms-tab-context\"><div class=&quot;ms-tab-context&quot;><\/div><\/div>\n<\/div>\n\t\t\t\t<\/div>\n\t\t\t\t<div  class=\"ms-slide\" data-delay=\"3\" data-fill-mode=\"fill\"  >\n\t\t\t\t\t<img src=\"https:\/\/brainproducts.org\/wp-content\/plugins\/master-slider\/public\/assets\/css\/blank.gif\" alt=\"\" title=\"\" data-src=\"https:\/\/brainproducts.org\/wp-content\/uploads\/Bild_2024-06-08_144625456.png\" \/>\n\n\n\t<div class=\"ms-thumb\" ><div class=\"ms-tab-context\"><div class=&quot;ms-tab-context&quot;><\/div><\/div>\n<\/div>\n\t\t\t\t<\/div>\n\n\t\t\t<\/div>\n\t\t\t<!-- END MasterSlider Main -->\n\n\t\t\t \n\t\t<\/div>\n\t\t<!-- END MasterSlider -->\n\n\t\t<script>\n\t\t(function ( $ ) {\n\t\t\t\"use strict\";\n\n\t\t\t$(function () {\n\t\t\t\tvar masterslider_e94c = new MasterSlider();\n\n\t\t\t\t\/\/ slider controls\n\t\t\t\tmasterslider_e94c.control('arrows'     ,{ autohide:true, overVideo:true  });\n\t\t\t\t\/\/ slider setup\n\t\t\t\tmasterslider_e94c.setup(\"MS666453024e94c\", {\n\t\t\t\t\t\twidth           : 1000,\n\t\t\t\t\t\theight          : 620,\n\t\t\t\t\t\tminHeight       : 0,\n\t\t\t\t\t\tspace           : 0,\n\t\t\t\t\t\tstart           : 1,\n\t\t\t\t\t\tgrabCursor      : true,\n\t\t\t\t\t\tswipe           : true,\n\t\t\t\t\t\tmouse           : true,\n\t\t\t\t\t\tlayout          : \"boxed\",\n\t\t\t\t\t\twheel           : false,\n\t\t\t\t\t\tautoplay        : true,\n\t\t\t\t\t\tinstantStartLayers:false,\n\t\t\t\t\t\tloop            : true,\n\t\t\t\t\t\tshuffle         : false,\n\t\t\t\t\t\tpreload         : 0,\n\t\t\t\t\t\theightLimit     : true,\n\t\t\t\t\t\tautoHeight      : false,\n\t\t\t\t\t\tsmoothHeight    : true,\n\t\t\t\t\t\tendPause        : false,\n\t\t\t\t\t\toverPause       : false,\n\t\t\t\t\t\tfillMode        : \"fill\",\n\t\t\t\t\t\tcenterControls  : true,\n\t\t\t\t\t\tstartOnAppear   : false,\n\t\t\t\t\t\tlayersMode      : \"center\",\n\t\t\t\t\t\thideLayers      : false,\n\t\t\t\t\t\tfullscreenMargin: 0,\n\t\t\t\t\t\tspeed           : 20,\n\t\t\t\t\t\tdir             : \"h\",\n\t\t\t\t\t\tparallaxMode    : 'swipe',\n\t\t\t\t\t\tview            : \"fade\"\n\t\t\t\t});\n\n\t\t\t\t\n\t\t\t\twindow.masterslider_instances = window.masterslider_instances || [];\n\t\t\t\twindow.masterslider_instances.push( masterslider_e94c );\n\t\t\t });\n\n\t\t})(jQuery);\n\t\t<\/script>\n\n\n\n\n\n<p><\/p>\n\n\n\n<p>&nbsp;<\/p>\n\n\n\n<p>Hier sieht man den Aufruf im Hauptmen\u00fc Ribbon f\u00fcr den Automatismus. Zus\u00e4tzlich wurde hier eine \u00dcbersicht \u00fcber managebare Clients als Men\u00fcbutton hinzugef\u00fcgt. Diese Clients sind in dem Falle Windows Tabletsysteme, von denen Bestellungen aus sehr einfach generiert werden, um danach im B\u00fcromat Deluxe importiert zu werden.<\/p>\n\n\n\n<figure class=\"wp-block-image size-full\"><img decoding=\"async\" loading=\"lazy\" width=\"1231\" height=\"227\" src=\"https:\/\/brainproducts.org\/wp-content\/uploads\/Bild_2024-06-08_151042924.png\" alt=\"\" class=\"wp-image-790\" srcset=\"https:\/\/brainproducts.org\/wp-content\/uploads\/Bild_2024-06-08_151042924.png 1231w, https:\/\/brainproducts.org\/wp-content\/uploads\/Bild_2024-06-08_151042924-900x166.png 900w, https:\/\/brainproducts.org\/wp-content\/uploads\/Bild_2024-06-08_151042924-768x142.png 768w, https:\/\/brainproducts.org\/wp-content\/uploads\/Bild_2024-06-08_151042924-972x179.png 972w\" sizes=\"(max-width: 1231px) 100vw, 1231px\" \/><\/figure>\n\n\n\n<p>&nbsp;<\/p>\n\n\n\n<p>&nbsp;<\/p>\n\n\n\n<p><strong>Es ist uns wichtig Dienstleistungen abzugeben, mit denen Sie zufrieden sind. <br>Auf Wunsch gebe wir Ihnen gerne n\u00e4here Informationen \u00fcber <a href=\"https:\/\/brainproducts.org\/?page_id=69\">bereits realisierte Projekte<\/a>.<\/strong><\/p>\n\n\n\n<hr class=\"wp-block-separator has-alpha-channel-opacity\"\/>\n\n\n\n<p><a href=\"https:\/\/brainproducts.org\/?page_id=60\">Kontaktieren<\/a> Sie uns via E-Mail, wir beraten Sie gerne. ( <a title=\"Kontakt zu Brain Products \u00fcber die Webseite\" href=\"mailto:ORadel@BrainProducts.org\">ORadel@BrainProducts.org<\/a> )<\/p>\n\n\n<div class=\"wp-block-image\">\n<figure class=\"alignright size-full\"><img decoding=\"async\" loading=\"lazy\" width=\"250\" height=\"209\" src=\"http:\/\/brainproducts.org\/wp-content\/uploads\/Bil4Klei.jpg\" alt=\"\" class=\"wp-image-231\"\/><\/figure><\/div>\n\n\n<figure class=\"wp-block-image size-full is-resized\"><img decoding=\"async\" loading=\"lazy\" width=\"512\" height=\"512\" src=\"https:\/\/brainproducts.org\/wp-content\/uploads\/image-1.png\" alt=\"\" class=\"wp-image-538\" style=\"aspect-ratio:1;width:62px;height:auto\" srcset=\"https:\/\/brainproducts.org\/wp-content\/uploads\/image-1.png 512w, https:\/\/brainproducts.org\/wp-content\/uploads\/image-1-120x120.png 120w\" sizes=\"(max-width: 512px) 100vw, 512px\" \/><\/figure>\n","protected":false},"excerpt":{"rendered":"<p>Modul zum automatischen Start von Export-, Import- oder anderen Jobs Dieses Modul &#8218;Automatismus&#8216; erm\u00f6glicht den automatischen Export oder Import von Dateien. Das Verhalten der Exporte oder Importe ist in den jeweiligen Schablonen definiert. (Siehe unter Export CSV, EDI, Excel, XML oder Import Excel CSV oder EDI) Im B\u00fcromat heisst das Schablone, da hier festgelegt wird, wie die ver\u00e4nderlichen Daten exakt&#8230;<br \/><a class=\"read-more-button\" href=\"https:\/\/brainproducts.org\/?page_id=754\">Mehr Lesen<\/a><\/p>\n","protected":false},"author":1,"featured_media":0,"parent":0,"menu_order":0,"comment_status":"closed","ping_status":"closed","template":"template-full-width.php","meta":{"footnotes":""},"_links":{"self":[{"href":"https:\/\/brainproducts.org\/index.php?rest_route=\/wp\/v2\/pages\/754"}],"collection":[{"href":"https:\/\/brainproducts.org\/index.php?rest_route=\/wp\/v2\/pages"}],"about":[{"href":"https:\/\/brainproducts.org\/index.php?rest_route=\/wp\/v2\/types\/page"}],"author":[{"embeddable":true,"href":"https:\/\/brainproducts.org\/index.php?rest_route=\/wp\/v2\/users\/1"}],"replies":[{"embeddable":true,"href":"https:\/\/brainproducts.org\/index.php?rest_route=%2Fwp%2Fv2%2Fcomments&post=754"}],"version-history":[{"count":6,"href":"https:\/\/brainproducts.org\/index.php?rest_route=\/wp\/v2\/pages\/754\/revisions"}],"predecessor-version":[{"id":791,"href":"https:\/\/brainproducts.org\/index.php?rest_route=\/wp\/v2\/pages\/754\/revisions\/791"}],"wp:attachment":[{"href":"https:\/\/brainproducts.org\/index.php?rest_route=%2Fwp%2Fv2%2Fmedia&parent=754"}],"curies":[{"name":"wp","href":"https:\/\/api.w.org\/{rel}","templated":true}]}}