{"id":757,"date":"2024-06-08T12:13:28","date_gmt":"2024-06-08T12:13:28","guid":{"rendered":"https:\/\/brainproducts.org\/?page_id=757"},"modified":"2024-06-12T07:25:50","modified_gmt":"2024-06-12T07:25:50","slug":"fuer-wen-ist-der-bueromat-deluxe","status":"publish","type":"page","link":"https:\/\/brainproducts.org\/?page_id=757","title":{"rendered":"F\u00fcr wen ist der B\u00fcromat Deluxe?"},"content":{"rendered":"\n<h3 class=\"wp-block-heading\">Eine \u00dcbersicht \u00fcber m\u00f6gliche Installationsszenarien<\/h3>\n\n\n\n<p>\u00a0<\/p>\n\n\n\n<div class=\"wp-block-media-text is-stacked-on-mobile\"><figure class=\"wp-block-media-text__media\"><img decoding=\"async\" loading=\"lazy\" width=\"969\" height=\"603\" src=\"http:\/\/brainproducts.org\/wp-content\/uploads\/Bild_2024-06-12_085255606.png\" alt=\"\" class=\"wp-image-859 size-full\" srcset=\"https:\/\/brainproducts.org\/wp-content\/uploads\/Bild_2024-06-12_085255606.png 969w, https:\/\/brainproducts.org\/wp-content\/uploads\/Bild_2024-06-12_085255606-900x560.png 900w, https:\/\/brainproducts.org\/wp-content\/uploads\/Bild_2024-06-12_085255606-768x478.png 768w\" sizes=\"(max-width: 969px) 100vw, 969px\" \/><\/figure><div class=\"wp-block-media-text__content\">\n<p><strong>Skalierbarkeit<\/strong><\/p>\n\n\n\n<p>Der B\u00fcromat kann in Gross- oder mittelst\u00e4ndischen Unternehmen auf <strong>mehreren Arbeitspl\u00e4tzen<\/strong> im <strong>LAN <\/strong>oder auch an <strong>unterschiedlichen Standorten<\/strong> arbeiten. Ein solches Szenario kann jederzeit erweitert werden.<\/p>\n<\/div><\/div>\n\n\n\n<div class=\"wp-block-media-text is-stacked-on-mobile\"><figure class=\"wp-block-media-text__media\"><img decoding=\"async\" loading=\"lazy\" width=\"968\" height=\"603\" src=\"http:\/\/brainproducts.org\/wp-content\/uploads\/Bild_2024-06-12_085622136.png\" alt=\"\" class=\"wp-image-860 size-full\" srcset=\"https:\/\/brainproducts.org\/wp-content\/uploads\/Bild_2024-06-12_085622136.png 968w, https:\/\/brainproducts.org\/wp-content\/uploads\/Bild_2024-06-12_085622136-900x561.png 900w, https:\/\/brainproducts.org\/wp-content\/uploads\/Bild_2024-06-12_085622136-768x478.png 768w\" sizes=\"(max-width: 968px) 100vw, 968px\" \/><\/figure><div class=\"wp-block-media-text__content\">\n<p><strong>Kompatiblit\u00e4t <\/strong><\/p>\n\n\n\n<p>Die verwendeten <strong>DB Server<\/strong> k\u00f6nnen im <strong>LAN <\/strong>oder im <strong>Internet <\/strong>verf\u00fcgbar sein. Diverse <strong>Office<\/strong> <strong>Versionen <\/strong>2010-2021 k\u00f6nnen verwendet werden. Diverse <strong>Windows Versionen <\/strong>werden unterst\u00fctzt.<\/p>\n\n\n\n<p>Access muss nicht zwingend auf allen Pl\u00e4tzen mit Lizenz erworben werden. Es kann mit dem Access Runtime Kit gearbeitet werden.<\/p>\n<\/div><\/div>\n\n\n\n<div class=\"wp-block-media-text is-stacked-on-mobile\"><figure class=\"wp-block-media-text__media\"><img decoding=\"async\" loading=\"lazy\" width=\"1280\" height=\"686\" src=\"http:\/\/brainproducts.org\/wp-content\/uploads\/Bild_2024-06-12_085749494-1280x686.png\" alt=\"\" class=\"wp-image-861 size-full\" srcset=\"https:\/\/brainproducts.org\/wp-content\/uploads\/Bild_2024-06-12_085749494-1280x686.png 1280w, https:\/\/brainproducts.org\/wp-content\/uploads\/Bild_2024-06-12_085749494-900x482.png 900w, https:\/\/brainproducts.org\/wp-content\/uploads\/Bild_2024-06-12_085749494-768x412.png 768w, https:\/\/brainproducts.org\/wp-content\/uploads\/Bild_2024-06-12_085749494-1536x823.png 1536w, https:\/\/brainproducts.org\/wp-content\/uploads\/Bild_2024-06-12_085749494-972x521.png 972w, https:\/\/brainproducts.org\/wp-content\/uploads\/Bild_2024-06-12_085749494.png 1560w\" sizes=\"(max-width: 1280px) 100vw, 1280px\" \/><\/figure><div class=\"wp-block-media-text__content\">\n<p><strong>Erweiterbarkeit<\/strong><\/p>\n\n\n\n<p>Der B\u00fcromat kann als <strong>Einzelplatz Software<\/strong> in kleinen Unternehmen arbeiten. Sp\u00e4ter k\u00f6nnen <strong>Module <\/strong>dazu erworben werden, um das Funktionsspektrum zu erweitern.<\/p>\n<\/div><\/div>\n\n\n\n<p>&nbsp;<\/p>\n\n\n\n<p>&nbsp;<\/p>\n\n\n\n<p><strong>Gerne arbeiten wir mit Partnern aus unserem Netzwerk oder <\/strong><br><strong>mit Ihrer hauseigenen EDV Abteilung als Team zusammen.<\/strong><\/p>\n\n\n\n<p>&nbsp;<\/p>\n\n\n\n<p>   <\/p>\n\n\n\n<p>&nbsp;&nbsp;&nbsp;&nbsp;&nbsp;&nbsp;&nbsp;<\/p>\n\n\n\n<div class=\"wp-block-columns is-layout-flex wp-container-2 wp-block-columns-is-layout-flex\">\n<div class=\"wp-block-column is-layout-flow wp-block-column-is-layout-flow\" style=\"flex-basis:100%\">\n<p>  &nbsp;&nbsp;&nbsp;&nbsp;<\/p>\n<\/div>\n<\/div>\n\n\n\n<p><strong>Es ist uns wichtig Dienstleistungen abzugeben, mit denen Sie zufrieden sind. <br>Auf Wunsch gebe wir Ihnen gerne n\u00e4here Informationen \u00fcber <a href=\"https:\/\/brainproducts.org\/?page_id=69\">bereits realisierte Projekte<\/a>.<\/strong><\/p>\n\n\n\n<hr class=\"wp-block-separator has-alpha-channel-opacity\"\/>\n\n\n\n<p><a href=\"https:\/\/brainproducts.org\/?page_id=60\">Kontaktieren<\/a> Sie uns via E-Mail, wir beraten Sie gerne. ( <a title=\"Kontakt zu Brain Products \u00fcber die Webseite\" href=\"mailto:ORadel@BrainProducts.org\">ORadel@BrainProducts.org<\/a> )<\/p>\n\n\n<div class=\"wp-block-image\">\n<figure class=\"alignright size-full\"><img decoding=\"async\" loading=\"lazy\" width=\"218\" height=\"292\" src=\"http:\/\/brainproducts.org\/wp-content\/uploads\/Corp.jpg\" alt=\"\" class=\"wp-image-233\"\/><\/figure><\/div>\n\n\n<figure class=\"wp-block-image size-full is-resized\"><img decoding=\"async\" loading=\"lazy\" width=\"512\" height=\"512\" src=\"http:\/\/brainproducts.org\/wp-content\/uploads\/cropped-Bueromat-Deluxe-Logo-Entwicklung.png\" alt=\"\" class=\"wp-image-218\" style=\"aspect-ratio:1;width:80px;height:auto\" srcset=\"https:\/\/brainproducts.org\/wp-content\/uploads\/cropped-Bueromat-Deluxe-Logo-Entwicklung.png 512w, https:\/\/brainproducts.org\/wp-content\/uploads\/cropped-Bueromat-Deluxe-Logo-Entwicklung-120x120.png 120w, https:\/\/brainproducts.org\/wp-content\/uploads\/cropped-Bueromat-Deluxe-Logo-Entwicklung-270x270.png 270w, https:\/\/brainproducts.org\/wp-content\/uploads\/cropped-Bueromat-Deluxe-Logo-Entwicklung-192x192.png 192w, https:\/\/brainproducts.org\/wp-content\/uploads\/cropped-Bueromat-Deluxe-Logo-Entwicklung-180x180.png 180w, https:\/\/brainproducts.org\/wp-content\/uploads\/cropped-Bueromat-Deluxe-Logo-Entwicklung-32x32.png 32w\" sizes=\"(max-width: 512px) 100vw, 512px\" \/><\/figure>\n\n\n\n<p><\/p>\n","protected":false},"excerpt":{"rendered":"<p>Eine \u00dcbersicht \u00fcber m\u00f6gliche Installationsszenarien \u00a0 Skalierbarkeit Der B\u00fcromat kann in Gross- oder mittelst\u00e4ndischen Unternehmen auf mehreren Arbeitspl\u00e4tzen im LAN oder auch an unterschiedlichen Standorten arbeiten. Ein solches Szenario kann jederzeit erweitert werden. Kompatiblit\u00e4t Die verwendeten DB Server k\u00f6nnen im LAN oder im Internet verf\u00fcgbar sein. Diverse Office Versionen 2010-2021 k\u00f6nnen verwendet werden. Diverse Windows Versionen werden unterst\u00fctzt. Access muss&#8230;<br \/><a class=\"read-more-button\" href=\"https:\/\/brainproducts.org\/?page_id=757\">Mehr Lesen<\/a><\/p>\n","protected":false},"author":1,"featured_media":0,"parent":0,"menu_order":0,"comment_status":"closed","ping_status":"closed","template":"template-full-width.php","meta":{"footnotes":""},"_links":{"self":[{"href":"https:\/\/brainproducts.org\/index.php?rest_route=\/wp\/v2\/pages\/757"}],"collection":[{"href":"https:\/\/brainproducts.org\/index.php?rest_route=\/wp\/v2\/pages"}],"about":[{"href":"https:\/\/brainproducts.org\/index.php?rest_route=\/wp\/v2\/types\/page"}],"author":[{"embeddable":true,"href":"https:\/\/brainproducts.org\/index.php?rest_route=\/wp\/v2\/users\/1"}],"replies":[{"embeddable":true,"href":"https:\/\/brainproducts.org\/index.php?rest_route=%2Fwp%2Fv2%2Fcomments&post=757"}],"version-history":[{"count":10,"href":"https:\/\/brainproducts.org\/index.php?rest_route=\/wp\/v2\/pages\/757\/revisions"}],"predecessor-version":[{"id":870,"href":"https:\/\/brainproducts.org\/index.php?rest_route=\/wp\/v2\/pages\/757\/revisions\/870"}],"wp:attachment":[{"href":"https:\/\/brainproducts.org\/index.php?rest_route=%2Fwp%2Fv2%2Fmedia&parent=757"}],"curies":[{"name":"wp","href":"https:\/\/api.w.org\/{rel}","templated":true}]}}