{"id":876,"date":"2024-06-23T09:20:30","date_gmt":"2024-06-23T09:20:30","guid":{"rendered":"https:\/\/brainproducts.org\/?page_id=876"},"modified":"2024-06-23T10:07:33","modified_gmt":"2024-06-23T10:07:33","slug":"csv-import","status":"publish","type":"page","link":"https:\/\/brainproducts.org\/?page_id=876","title":{"rendered":"CSV Import"},"content":{"rendered":"\n<p><\/p>\n\n\n\n<h3 class=\"wp-block-heading\">Bearbeiten der Schablonen f\u00fcr den Import von CSV Dateien<\/h3>\n\n\n\n<p>Dieses Modul &#8218;CSV Import&#8216; erm\u00f6glicht den Import von ACSII Text Dateien im CSV Format in die Datenbank des B\u00fcromat Deluxe.<\/p>\n\n\n\n<p>Hier kann eine beliebige Zieltabelle im Backend oder auf einem SQL Server angegeben werden. Die Felder werden in einer CSV-Import-Schablone konfiguriert. Hier k\u00f6nnen auch Daten modifiziert, gemerkt oder mit einem Funktionsassistenten gelesen und bearbeitet werden. Hier kann eine beliebige Tabelle als Ziel-Datenbasis angegeben werden. <\/p>\n\n\n\n<p>Dieses Modul unterst\u00fctzt die Automatismus und Cockpit Funktionen des Systems. <strong>Dies bedeutet CSV Importe k\u00f6nnen zusammen mit FTP LAN Transfer Jobs kombiniert, zu jedem beliebigem Zeitpunkt voll <a href=\"https:\/\/brainproducts.org\/?page_id=754\">automatisch <\/a>eingelesen werden.<\/strong> Hierbei kann im LAN, \u00fcber FTP oder SFTP Server kommuniziert werden. Eine automatische Information via Email ist m\u00f6glich, wenn Importe fehlschlagen. Die Reports k\u00f6nnen im Cockpit nachgelesen werden. (Siehe auch <strong><a href=\"https:\/\/brainproducts.org\/?page_id=754\">Automatismus<\/a><\/strong>)<\/p>\n\n\n\n<p>Es k\u00f6nnen Pr\u00fcfroutinen die Qualit\u00e4t der Daten im Import sicher stellen und notfalls dar\u00fcber per Email informieren.<\/p>\n\n\n\n<p> &nbsp;<\/p>\n\n\n\n\n\t\t<!-- MasterSlider -->\n\t\t<div id=\"P_MS6677efda193a1\" class=\"master-slider-parent msl ms-parent-id-10\" style=\"max-width:1000px;\">\n\n\t\t\t\n\t\t\t<!-- MasterSlider Main -->\n\t\t\t<div id=\"MS6677efda193a1\" class=\"master-slider ms-skin-light-3\" >\n\t\t\t\t \t\t\t\t \n\t\t\t\t<div  class=\"ms-slide\" data-delay=\"3\" data-fill-mode=\"fill\"  >\n\t\t\t\t\t<img src=\"https:\/\/brainproducts.org\/wp-content\/plugins\/master-slider\/public\/assets\/css\/blank.gif\" alt=\"\" title=\"\" data-src=\"https:\/\/brainproducts.org\/wp-content\/uploads\/Bild_2024-06-23_113412621.png\" \/>\n\n\n\t<div class=\"ms-thumb\" ><div class=\"ms-tab-context\"><div class=&quot;ms-tab-context&quot;><\/div><\/div>\n<\/div>\n\t\t\t\t<\/div>\n\t\t\t\t<div  class=\"ms-slide\" data-delay=\"3\" data-fill-mode=\"fill\"  >\n\t\t\t\t\t<img src=\"https:\/\/brainproducts.org\/wp-content\/plugins\/master-slider\/public\/assets\/css\/blank.gif\" alt=\"\" title=\"\" data-src=\"https:\/\/brainproducts.org\/wp-content\/uploads\/Bild_2024-06-23_113434933.png\" \/>\n\n\n\t<div class=\"ms-thumb\" ><div class=\"ms-tab-context\"><div class=&quot;ms-tab-context&quot;><\/div><\/div>\n<\/div>\n\t\t\t\t<\/div>\n\t\t\t\t<div  class=\"ms-slide\" data-delay=\"3\" data-fill-mode=\"fill\"  >\n\t\t\t\t\t<img src=\"https:\/\/brainproducts.org\/wp-content\/plugins\/master-slider\/public\/assets\/css\/blank.gif\" alt=\"\" title=\"\" data-src=\"https:\/\/brainproducts.org\/wp-content\/uploads\/Bild_2024-06-23_114911903.png\" \/>\n\n\n\t<div class=\"ms-thumb\" ><div class=\"ms-tab-context\"><div class=&quot;ms-tab-context&quot;><\/div><\/div>\n<\/div>\n\t\t\t\t<\/div>\n\t\t\t\t<div  class=\"ms-slide\" data-delay=\"3\" data-fill-mode=\"fill\"  >\n\t\t\t\t\t<img src=\"https:\/\/brainproducts.org\/wp-content\/plugins\/master-slider\/public\/assets\/css\/blank.gif\" alt=\"\" title=\"\" data-src=\"https:\/\/brainproducts.org\/wp-content\/uploads\/Bild_2024-06-23_113530773.png\" \/>\n\n\n\t<div class=\"ms-thumb\" ><div class=\"ms-tab-context\"><div class=&quot;ms-tab-context&quot;><\/div><\/div>\n<\/div>\n\t\t\t\t<\/div>\n\t\t\t\t<div  class=\"ms-slide\" data-delay=\"3\" data-fill-mode=\"fill\"  >\n\t\t\t\t\t<img src=\"https:\/\/brainproducts.org\/wp-content\/plugins\/master-slider\/public\/assets\/css\/blank.gif\" alt=\"\" title=\"\" data-src=\"https:\/\/brainproducts.org\/wp-content\/uploads\/Bild_2024-06-23_114513656.png\" \/>\n\n\n\t<div class=\"ms-thumb\" ><div class=\"ms-tab-context\"><div class=&quot;ms-tab-context&quot;><\/div><\/div>\n<\/div>\n\t\t\t\t<\/div>\n\t\t\t\t<div  class=\"ms-slide\" data-delay=\"3\" data-fill-mode=\"fill\"  >\n\t\t\t\t\t<img src=\"https:\/\/brainproducts.org\/wp-content\/plugins\/master-slider\/public\/assets\/css\/blank.gif\" alt=\"\" title=\"\" data-src=\"https:\/\/brainproducts.org\/wp-content\/uploads\/Bild_2024-06-23_114536042.png\" \/>\n\n\n\t<div class=\"ms-thumb\" ><div class=\"ms-tab-context\"><div class=&quot;ms-tab-context&quot;><\/div><\/div>\n<\/div>\n\t\t\t\t<\/div>\n\t\t\t\t<div  class=\"ms-slide\" data-delay=\"3\" data-fill-mode=\"fill\"  >\n\t\t\t\t\t<img src=\"https:\/\/brainproducts.org\/wp-content\/plugins\/master-slider\/public\/assets\/css\/blank.gif\" alt=\"\" title=\"\" data-src=\"https:\/\/brainproducts.org\/wp-content\/uploads\/Bild_2024-06-02_124713742.png\" \/>\n\n\n\t<div class=\"ms-thumb\" ><div class=\"ms-tab-context\"><div class=&quot;ms-tab-context&quot;><\/div><\/div>\n<\/div>\n\t\t\t\t<\/div>\n\t\t\t\t<div  class=\"ms-slide\" data-delay=\"3\" data-fill-mode=\"fill\"  >\n\t\t\t\t\t<img src=\"https:\/\/brainproducts.org\/wp-content\/plugins\/master-slider\/public\/assets\/css\/blank.gif\" alt=\"\" title=\"\" data-src=\"https:\/\/brainproducts.org\/wp-content\/uploads\/Bild_2024-06-23_113617884.png\" \/>\n\n\n\t<div class=\"ms-thumb\" ><div class=\"ms-tab-context\"><div class=&quot;ms-tab-context&quot;><\/div><\/div>\n<\/div>\n\t\t\t\t<\/div>\n\t\t\t\t<div  class=\"ms-slide\" data-delay=\"3\" data-fill-mode=\"fill\"  >\n\t\t\t\t\t<img src=\"https:\/\/brainproducts.org\/wp-content\/plugins\/master-slider\/public\/assets\/css\/blank.gif\" alt=\"\" title=\"\" data-src=\"https:\/\/brainproducts.org\/wp-content\/uploads\/Bild_2024-06-23_113639333.png\" \/>\n\n\n\t<div class=\"ms-thumb\" ><div class=\"ms-tab-context\"><div class=&quot;ms-tab-context&quot;><\/div><\/div>\n<\/div>\n\t\t\t\t<\/div>\n\t\t\t\t<div  class=\"ms-slide\" data-delay=\"3\" data-fill-mode=\"fill\"  >\n\t\t\t\t\t<img src=\"https:\/\/brainproducts.org\/wp-content\/plugins\/master-slider\/public\/assets\/css\/blank.gif\" alt=\"\" title=\"\" data-src=\"https:\/\/brainproducts.org\/wp-content\/uploads\/Bild_2024-06-23_113703493.png\" \/>\n\n\n\t<div class=\"ms-thumb\" ><div class=\"ms-tab-context\"><div class=&quot;ms-tab-context&quot;><\/div><\/div>\n<\/div>\n\t\t\t\t<\/div>\n\t\t\t\t<div  class=\"ms-slide\" data-delay=\"3\" data-fill-mode=\"fill\"  >\n\t\t\t\t\t<img src=\"https:\/\/brainproducts.org\/wp-content\/plugins\/master-slider\/public\/assets\/css\/blank.gif\" alt=\"\" title=\"\" data-src=\"https:\/\/brainproducts.org\/wp-content\/uploads\/Bild_2024-06-02_124713742.png\" \/>\n\n\n\t<div class=\"ms-thumb\" ><div class=\"ms-tab-context\"><div class=&quot;ms-tab-context&quot;><\/div><\/div>\n<\/div>\n\t\t\t\t<\/div>\n\n\t\t\t<\/div>\n\t\t\t<!-- END MasterSlider Main -->\n\n\t\t\t \n\t\t<\/div>\n\t\t<!-- END MasterSlider -->\n\n\t\t<script>\n\t\t(function ( $ ) {\n\t\t\t\"use strict\";\n\n\t\t\t$(function () {\n\t\t\t\tvar masterslider_93a1 = new MasterSlider();\n\n\t\t\t\t\/\/ slider controls\n\t\t\t\tmasterslider_93a1.control('arrows'     ,{ autohide:true, overVideo:true  });\n\t\t\t\t\/\/ slider setup\n\t\t\t\tmasterslider_93a1.setup(\"MS6677efda193a1\", {\n\t\t\t\t\t\twidth           : 1000,\n\t\t\t\t\t\theight          : 620,\n\t\t\t\t\t\tminHeight       : 0,\n\t\t\t\t\t\tspace           : 0,\n\t\t\t\t\t\tstart           : 1,\n\t\t\t\t\t\tgrabCursor      : true,\n\t\t\t\t\t\tswipe           : true,\n\t\t\t\t\t\tmouse           : true,\n\t\t\t\t\t\tlayout          : \"boxed\",\n\t\t\t\t\t\twheel           : false,\n\t\t\t\t\t\tautoplay        : true,\n\t\t\t\t\t\tinstantStartLayers:false,\n\t\t\t\t\t\tloop            : true,\n\t\t\t\t\t\tshuffle         : false,\n\t\t\t\t\t\tpreload         : 0,\n\t\t\t\t\t\theightLimit     : true,\n\t\t\t\t\t\tautoHeight      : false,\n\t\t\t\t\t\tsmoothHeight    : true,\n\t\t\t\t\t\tendPause        : false,\n\t\t\t\t\t\toverPause       : false,\n\t\t\t\t\t\tfillMode        : \"fill\",\n\t\t\t\t\t\tcenterControls  : true,\n\t\t\t\t\t\tstartOnAppear   : false,\n\t\t\t\t\t\tlayersMode      : \"center\",\n\t\t\t\t\t\thideLayers      : false,\n\t\t\t\t\t\tfullscreenMargin: 0,\n\t\t\t\t\t\tspeed           : 20,\n\t\t\t\t\t\tdir             : \"h\",\n\t\t\t\t\t\tparallaxMode    : 'swipe',\n\t\t\t\t\t\tview            : \"fade\"\n\t\t\t\t});\n\n\t\t\t\t\n\t\t\t\twindow.masterslider_instances = window.masterslider_instances || [];\n\t\t\t\twindow.masterslider_instances.push( masterslider_93a1 );\n\t\t\t });\n\n\t\t})(jQuery);\n\t\t<\/script>\n\n\n\n\n\n<p><\/p>\n\n\n\n<p>&nbsp;<\/p>\n\n\n\n<p>Hier ein Beispiel einer CSV-Datei f\u00fcr den Datenaustusch zwischen der Restaurantkette Wasner und Hirschburger Frischdienst GmbH. Man sieht Bestellungen bei der Firma Frischdienst GmbH:<\/p>\n\n\n\n<p>(Erste Zeile enth\u00e4lt die Spalten\u00fcberschriften)<\/p>\n\n\n\n<p>LiefNr;LiefKdNr;LiefKurzbez;LagerNr;KundenNr;KundenName1;KundenName2;Stra\u00dfe;Ort;BestellNr;Wochentag;Lieferdatum;Zentrale;ArtikelNr;ArtikelBez;Bestellmenge;Bestelleinheit;Kisten;LiefArtNr<\/p>\n\n\n\n<p>59;410032;Hirschburger;1;1;Bad D\u00fcrrheim;;;;410032-59-0406-1442;Freitag;08.06.2021;;770829;JW Grillhaxen gegart 4x750g;2;KI;;55552<\/p>\n\n\n\n<p>59;410032;Hirschburger;1;1;Bad D\u00fcrrheim;;;;410032-59-0406-1442;Freitag;08.06.2021;;770846;JW Pizza Fleischk\u00e4se 2,3kg;2;ST;;55325<\/p>\n\n\n\n<p>59;410032;Hirschburger;1;1;Bad D\u00fcrrheim;;;;410032-59-0406-1442;Freitag;08.06.2021;;770847;JW Bayr. Leberk\u00e4se fein 2 kg;20;ST;;55326<\/p>\n\n\n\n<p>59;410032;Hirschburger;1;1;Bad D\u00fcrrheim;;;;410032-59-0406-1442;Freitag;08.06.2021;;770855;JW Rote Wurst geraucht 130g;4;ST;;55367<\/p>\n\n\n\n<p>59;410032;Hirschburger;1;1;Bad D\u00fcrrheim;;;;410032-59-0406-1442;Freitag;08.06.2021;;770990;JW Hintere Schweinshaxe 1,2kg;2;KI;;5551007<\/p>\n\n\n\n<p>&nbsp;<\/p>\n\n\n\n<p>&nbsp;<\/p>\n\n\n\n<p><strong>Es ist uns wichtig Dienstleistungen abzugeben, mit denen Sie zufrieden sind. <br>Auf Wunsch gebe wir Ihnen gerne n\u00e4here Informationen \u00fcber <a href=\"https:\/\/brainproducts.org\/?page_id=69\">bereits realisierte Projekte<\/a>.<\/strong><\/p>\n\n\n\n<hr class=\"wp-block-separator has-alpha-channel-opacity\"\/>\n\n\n\n<p><a href=\"https:\/\/brainproducts.org\/?page_id=60\">Kontaktieren<\/a> Sie uns via E-Mail, wir beraten Sie gerne. ( <a title=\"Kontakt zu Brain Products \u00fcber die Webseite\" href=\"mailto:ORadel@BrainProducts.org\">ORadel@BrainProducts.org<\/a> )<\/p>\n\n\n<div class=\"wp-block-image\">\n<figure class=\"alignright size-full\"><img decoding=\"async\" loading=\"lazy\" width=\"250\" height=\"209\" src=\"http:\/\/brainproducts.org\/wp-content\/uploads\/Bil4Klei.jpg\" alt=\"\" class=\"wp-image-231\"\/><\/figure><\/div>\n\n\n<figure class=\"wp-block-image size-full is-resized\"><img decoding=\"async\" loading=\"lazy\" width=\"512\" height=\"512\" src=\"https:\/\/brainproducts.org\/wp-content\/uploads\/image-1.png\" alt=\"\" class=\"wp-image-538\" style=\"aspect-ratio:1;width:62px;height:auto\" srcset=\"https:\/\/brainproducts.org\/wp-content\/uploads\/image-1.png 512w, https:\/\/brainproducts.org\/wp-content\/uploads\/image-1-120x120.png 120w\" sizes=\"(max-width: 512px) 100vw, 512px\" \/><\/figure>\n","protected":false},"excerpt":{"rendered":"<p>Bearbeiten der Schablonen f\u00fcr den Import von CSV Dateien Dieses Modul &#8218;CSV Import&#8216; erm\u00f6glicht den Import von ACSII Text Dateien im CSV Format in die Datenbank des B\u00fcromat Deluxe. Hier kann eine beliebige Zieltabelle im Backend oder auf einem SQL Server angegeben werden. Die Felder werden in einer CSV-Import-Schablone konfiguriert. Hier k\u00f6nnen auch Daten modifiziert, gemerkt oder mit einem Funktionsassistenten&#8230;<br \/><a class=\"read-more-button\" href=\"https:\/\/brainproducts.org\/?page_id=876\">Mehr Lesen<\/a><\/p>\n","protected":false},"author":1,"featured_media":0,"parent":0,"menu_order":0,"comment_status":"closed","ping_status":"closed","template":"template-full-width.php","meta":{"footnotes":""},"_links":{"self":[{"href":"https:\/\/brainproducts.org\/index.php?rest_route=\/wp\/v2\/pages\/876"}],"collection":[{"href":"https:\/\/brainproducts.org\/index.php?rest_route=\/wp\/v2\/pages"}],"about":[{"href":"https:\/\/brainproducts.org\/index.php?rest_route=\/wp\/v2\/types\/page"}],"author":[{"embeddable":true,"href":"https:\/\/brainproducts.org\/index.php?rest_route=\/wp\/v2\/users\/1"}],"replies":[{"embeddable":true,"href":"https:\/\/brainproducts.org\/index.php?rest_route=%2Fwp%2Fv2%2Fcomments&post=876"}],"version-history":[{"count":4,"href":"https:\/\/brainproducts.org\/index.php?rest_route=\/wp\/v2\/pages\/876\/revisions"}],"predecessor-version":[{"id":917,"href":"https:\/\/brainproducts.org\/index.php?rest_route=\/wp\/v2\/pages\/876\/revisions\/917"}],"wp:attachment":[{"href":"https:\/\/brainproducts.org\/index.php?rest_route=%2Fwp%2Fv2%2Fmedia&parent=876"}],"curies":[{"name":"wp","href":"https:\/\/api.w.org\/{rel}","templated":true}]}}